{"id":12,"date":"2018-10-10T07:26:17","date_gmt":"2018-10-10T07:26:17","guid":{"rendered":"http:\/\/www.oasis.eclubtravel.com\/hotel-term-condition\/"},"modified":"2018-11-25T22:42:41","modified_gmt":"2018-11-25T22:42:41","slug":"privacy-policy","status":"publish","type":"page","link":"https:\/\/hotel-oasis.gr\/de\/privacy-policy\/","title":{"rendered":"Datenschutz-Bestimmungen"},"content":{"rendered":"<p>[vc_row][vc_column]<div class=\"text-block \" ><div class=\"simple-text \"><blockquote><p>\n1. ALLGEMEINE INFORMATION<br \/>\nDie Nutzung unserer Webseiten und der Dienste, die dem Besucher auf der Website https:\/\/hotel-oasis.gr\/ zur Verf\u00fcgung gestellt werden, erfordert Ihre Zustimmung zu den Datenschutzbestimmungen dieser Website. Daher muss der Besucher den Inhalt dieser Seite sorgf\u00e4ltig lesen, bevor er die Dienste unserer Website in Anspruch nimmt. Wenn er nicht damit einverstanden ist, muss er diese Website verlassen und NIEMALS seine Dienstleistungen oder Inhalte in Anspruch nehmen. Diese Datenschutzerkl\u00e4rung kann von Zeit zu Zeit den geltenden Gesetzen entsprechen. Wir werden unsere Kunden oder die Benutzer unserer Website nicht ausdr\u00fccklich \u00fcber diese \u00c4nderungen informieren. Stattdessen empfehlen wir Ihnen, diese Seite gelegentlich aufzurufen, um \u00c4nderungen an diesen Datenschutzbestimmungen vorzunehmen. Die fortgesetzte Nutzung der Website hotel-oasis.gr auch nach \u00c4nderungen der Datenschutzbestimmungen setzt die vorbehaltlose Annahme dieser Bedingungen durch Sie voraus.<\/p>\n<p>2. PERS\u00d6NLICHE INFORMATIONEN, ERFASST VON https:\/\/hotel-oasis.gr\/<br \/>\nDiese Website sammelt und verwendet pers\u00f6nliche Informationen aus folgenden Gr\u00fcnden:<\/p>\n<p>2.1 WEBSITEVERKEHRS\u00dcBERWACHUNG<br \/>\nWie die meisten Websites verwendet diese Website Google Analytics (GA), um die Benutzeraktivit\u00e4t zu verfolgen. Wir verwenden diese Daten, um die Anzahl der Besucher unserer Website zu ermitteln, um besser zu verstehen, wie sie unsere Webseiten finden und nutzen. Obwohl GA Daten wie Ihren geografischen Standort, Ihr Ger\u00e4t, Ihren Webbrowser und Ihr Betriebssystem aufzeichnet, werden Sie durch keine dieser Informationen identifiziert. GA zeichnet auch die IP-Adresse Ihres Computers auf, die zur Identifizierung Ihrer Person verwendet werden kann. Google gew\u00e4hrt jedoch keinen Zugriff darauf. Wir glauben, dass Google ein dritter Datenverarbeiter ist, der den Anforderungen der europ\u00e4ischen Gesetzgebung entspricht.<\/p>\n<p>2.2 KONTAKTFORMULARE UND E-MAIL LINKS<br \/>\nWenn Sie sich \u00fcber ein Kontaktformular oder einen E-Mail-Link mit uns in Verbindung setzen, werden keine der von Ihnen bereitgestellten Daten auf unserer Website gespeichert oder von einem Datenverarbeiter eines Drittanbieters \u00fcbertragen oder verarbeitet, wie im Abschnitt \u00abUnsere Datenverarbeiter von Drittanbietern\u00bb beschrieben \u00bb. Stattdessen werden diese Daten \u00fcber ein SMTP-Protokoll (Simple Mail Transfer Protocol) an uns gesendet. Unsere SMTP-Server sind durch ein TLS-Sicherheitsprotokoll (auch als SSL bekannt) gesch\u00fctzt. Das bedeutet, dass E-Mail-Inhalte verschl\u00fcsselt werden, bevor sie \u00fcber das Internet gesendet werden. Der Inhalt der E-Mail wird von unseren lokalen Computern und Ger\u00e4ten entschl\u00fcsselt.<\/p>\n<p>3. \u00dcBER COOKIES<br \/>\n3.1. WAS IST EIN COOKIE?<br \/>\nDer Begriff \u00abCookie\u00bb bezieht sich auf eine kleine Datendatei, die ausschlie\u00dflich aus einer Reihe von Textinformationen besteht, die die Website an den Webbrowser auf der Festplatte Ihres Computers \u00fcbermittelt, entweder tempor\u00e4r w\u00e4hrend Ihres Besuchs oder manchmal f\u00fcr l\u00e4ngere Zeitr\u00e4ume, je nach Art des Cookies Pl\u00e4tzchen. Cookies f\u00fchren unterschiedliche Vorg\u00e4nge durch (z. B. unterscheiden Sie sich von den Besuchern anderer Websites oder speichern bestimmte Informationen, die Ihren Vorlieben entsprechen) und werden von den meisten Websites verwendet, um die Benutzererfahrung zu verbessern. Jeder Cookie ist f\u00fcr Ihren Browser eindeutig und enth\u00e4lt anonyme Informationen. Ein Cookie enth\u00e4lt normalerweise den Namen des Cookie-Felds, die Lebensdauer des Cookies und einen Wert (normalerweise in Form einer zuf\u00e4llig generierten eindeutigen Nummer).<\/p>\n<p>3.2. Cookies auf dieser Site und wie man sie verwaltet<br \/>\nAuf dieser Website verwenden wir Cookies, um Ihre Benutzererfahrung zu verbessern. Lesen Sie die folgenden Informationen zu den Cookies von Drittanbietern, die wir auf dieser Website verwenden, einschlie\u00dflich der Deaktivierung dieser Cookies und deren Auswirkung auf die Funktionalit\u00e4t der Website.<\/p>\n<p>3.3. GOOGLE ANALYTICS COOKIES<br \/>\nGoogle Analytics-Cookies sind Cookies zur Leistungsanalyse \/ Protokollierung, die es uns erm\u00f6glichen, anonyme Informationen dar\u00fcber zu sammeln, wie Besucher unsere Website nutzen. Diese Cookies k\u00f6nnen uns Informationen dar\u00fcber geben, wie viele Besucher die Website nutzen, Zeit und Dauer des Besuchs sowie Informationen dar\u00fcber, wie Besucher auf der Website navigieren. Diese Informationen helfen uns, die Funktionsweise unserer Website zu verbessern. Sie sind anonyme Informationen und enthalten keine pers\u00f6nlichen Informationen.<\/p>\n<p>Die durch die Cookies von Google Analytics \u00fcber unsere Website gesammelten Informationen werden gem\u00e4\u00df den Datenschutzbestimmungen von Google \u00fcbertragen und auf den Servern von Google gespeichert.<\/p>\n<p>Weitere Informationen zu Google Analytics erhalten Sie unter https:\/\/support.google.com\/analytics\/answer\/6004245<\/p>\n<p>Sie k\u00f6nnen die Verfolgung von Google Analytics deaktivieren, indem Sie https:\/\/tools.go ogle.com\/dlpa ge \/ gaoptout? Hl = de = GB aufrufen<\/p>\n<p>Wenn Sie diese Cookies deaktivieren, werden Ihre Aktivit\u00e4ten nicht in die Statistiken einbezogen oder verwendet, um die durch diese Website bereitgestellten Dienste zu verbessern. Die Funktionalit\u00e4t der Website wird nicht beeintr\u00e4chtigt.<\/p>\n<p>4. WIE VERWALTEN WIR IHRE PERS\u00d6NLICHEN DATEN<br \/>\nUnter https:\/\/hotel-oasis.gr\/ legen wir h\u00f6chsten Wert auf den Schutz Ihrer personenbezogenen Daten und halten uns an die europ\u00e4ische Datenschutzgrundverordnung (DSGVO).<\/p>\n<p>Wir haben die technischen Ma\u00dfnahmen ergriffen, um den Schutz personenbezogener Daten bei der \u00dcbertragung, Verwaltung und Speicherung zu gew\u00e4hrleisten. Das Internet ist jedoch so beschaffen, dass kein absoluter Schutz gew\u00e4hrleistet werden kann. Aus diesem Grund k\u00f6nnen Sie uns auch auf alternative Weise (z. B. telefonisch) kontaktieren.<\/p>\n<p>5. WAS SIND IHRE RECHTE AUF IHRE PERS\u00d6NLICHEN DATEN?<br \/>\nSie k\u00f6nnen verlangen, dass Sie einen Exportdatensatz mit pers\u00f6nlichen Daten erhalten, die wir f\u00fcr Sie aufbewahren, einschlie\u00dflich aller Daten, die Sie uns \u00fcbermittelt haben. Sie k\u00f6nnen auch bitten, die pers\u00f6nlichen Daten zu l\u00f6schen, die wir f\u00fcr Sie haben. Dies beinhaltet keine Daten, die wir aus administrativen, rechtlichen oder Sicherheitsgr\u00fcnden aufbewahren m\u00fcssen.<\/p>\n<p>Um Ihre exportierte Datei mit personenbezogenen Daten anzufordern oder Ihre pers\u00f6nlichen Daten zu l\u00f6schen, k\u00f6nnen Sie das Kontaktformular auf der Seite \u201eKontakt\u201c verwenden.<\/p>\n<p>6. \u00dcBER DEN WEBSERVER DER WEBSITE<br \/>\nDer gesamte Internetverkehr (Datei\u00fcbertragung) zwischen dieser Site und Ihrem Browser wird verschl\u00fcsselt und \u00fcber das HTTPS-Protokoll mithilfe von SSL (Secure Sockets Layer) \u00fcbertragen.<\/p>\n<p>7. PERS\u00d6NLICHE DATENVERARBEITER VON DRITTEN<br \/>\nGoogle (Datenschutzbestimmungen)<\/p>\n<p>8. DATENVERLETZUNGEN<br \/>\nF\u00fcr alle Ihre pers\u00f6nlichen Daten, die in unserer Datenbank gespeichert sind, werden alle erforderlichen Ma\u00dfnahmen ergriffen, um so sicher wie m\u00f6glich zu sein. Wir werden alle rechtswidrigen Verst\u00f6\u00dfe gegen unsere Datenbank oder eine Datenbank zur Verarbeitung von Daten Dritter an alle relevanten Stakeholder sowie Beh\u00f6rden innerhalb von 72 Stunden nach dem Versto\u00df melden, wenn offensichtlich ist, dass die in erkennbarer Form gespeicherten personenbezogenen Daten gestohlen wurden.<\/p>\n<p>9. \u00c4NDERUNGEN AN UNSERER DATENSCHUTZRICHTLINIE<br \/>\nDiese Datenschutzerkl\u00e4rung kann sich je nach Gesetzgebung oder Entwicklungen in der Branche von Zeit zu Zeit \u00e4ndern. Wir werden unsere Kunden oder Besucher unserer Website nicht ausdr\u00fccklich auf diese \u00c4nderungen hinweisen. Stattdessen empfehlen wir Ihnen, diese Seite gelegentlich auf Richtlinien\u00e4nderungen zu \u00fcberpr\u00fcfen.\n<\/p><\/blockquote>\n<\/div><\/div>[\/vc_column][\/vc_row]<\/p>","protected":false},"excerpt":{"rendered":"<p>[vc_row][vc_column][\/vc_column][\/vc_row]<\/p>\n","protected":false},"author":46,"featured_media":0,"parent":0,"menu_order":0,"comment_status":"closed","ping_status":"closed","template":"","meta":[],"yoast_head":"<!-- This site is optimized with the Yoast SEO plugin v20.2.1 - https:\/\/yoast.com\/wordpress\/plugins\/seo\/ -->\n<title>Datenschutz-Bestimmungen - Oasis Hotel<\/title>\n<meta name=\"robots\" content=\"index, follow, max-snippet:-1, max-image-preview:large, max-video-preview:-1\" \/>\n<link rel=\"canonical\" href=\"https:\/\/hotel-oasis.gr\/it\/privacy-policy\/\" \/>\n<meta property=\"og:locale\" content=\"de_DE\" \/>\n<meta property=\"og:type\" content=\"article\" \/>\n<meta property=\"og:title\" content=\"[:el]\u03a0\u03bf\u03bb\u03b9\u03c4\u03b9\u03ba\u03ae \u0391\u03c0\u03bf\u03c1\u03c1\u03ae\u03c4\u03bf\u03c5[:en]Privacy Policy[:de]Datenschutz-Bestimmungen[:it]Politica sulla riservatezza[:ru]\u043f\u043e\u043b\u0438\u0442\u0438\u043a\u0430 \u043a\u043e\u043d\u0444\u0438\u0434\u0435\u043d\u0446\u0438\u0430\u043b\u044c\u043d\u043e\u0441\u0442\u0438[:fr]Politique de confidentialit\u00e9[:] - Oasis Hotel\" \/>\n<meta property=\"og:description\" content=\"[vc_row][vc_column][\/vc_column][\/vc_row]\" \/>\n<meta property=\"og:url\" content=\"https:\/\/hotel-oasis.gr\/it\/privacy-policy\/\" \/>\n<meta property=\"og:site_name\" content=\"Oasis Hotel\" \/>\n<meta property=\"article:modified_time\" content=\"2018-11-25T22:42:41+00:00\" \/>\n<meta name=\"twitter:card\" content=\"summary_large_image\" \/>\n<meta name=\"twitter:label1\" content=\"Gesch\u00e4tzte Lesezeit\" \/>\n\t<meta name=\"twitter:data1\" content=\"23 Minuten\" \/>\n<script type=\"application\/ld+json\" class=\"yoast-schema-graph\">{\"@context\":\"https:\/\/schema.org\",\"@graph\":[{\"@type\":\"WebPage\",\"@id\":\"https:\/\/hotel-oasis.gr\/it\/privacy-policy\/\",\"url\":\"https:\/\/hotel-oasis.gr\/it\/privacy-policy\/\",\"name\":\"[:el]\u03a0\u03bf\u03bb\u03b9\u03c4\u03b9\u03ba\u03ae \u0391\u03c0\u03bf\u03c1\u03c1\u03ae\u03c4\u03bf\u03c5[:en]Privacy Policy[:de]Datenschutz-Bestimmungen[:it]Politica sulla riservatezza[:ru]\u043f\u043e\u043b\u0438\u0442\u0438\u043a\u0430 \u043a\u043e\u043d\u0444\u0438\u0434\u0435\u043d\u0446\u0438\u0430\u043b\u044c\u043d\u043e\u0441\u0442\u0438[:fr]Politique de confidentialit\u00e9[:] - Oasis Hotel\",\"isPartOf\":{\"@id\":\"https:\/\/hotel-oasis.gr\/#website\"},\"datePublished\":\"2018-10-10T07:26:17+00:00\",\"dateModified\":\"2018-11-25T22:42:41+00:00\",\"breadcrumb\":{\"@id\":\"https:\/\/hotel-oasis.gr\/it\/privacy-policy\/#breadcrumb\"},\"inLanguage\":\"de-DE\",\"potentialAction\":[{\"@type\":\"ReadAction\",\"target\":[\"https:\/\/hotel-oasis.gr\/it\/privacy-policy\/\"]}]},{\"@type\":\"BreadcrumbList\",\"@id\":\"https:\/\/hotel-oasis.gr\/it\/privacy-policy\/#breadcrumb\",\"itemListElement\":[{\"@type\":\"ListItem\",\"position\":1,\"name\":\"\u0391\u03c1\u03c7\u03b9\u03ba\u03ae\",\"item\":\"https:\/\/hotel-oasis.gr\/\"},{\"@type\":\"ListItem\",\"position\":2,\"name\":\"Politica sulla riservatezza\"}]},{\"@type\":\"WebSite\",\"@id\":\"https:\/\/hotel-oasis.gr\/#website\",\"url\":\"https:\/\/hotel-oasis.gr\/\",\"name\":\"Oasis Hotel\",\"description\":\"Hotel Oasis\",\"potentialAction\":[{\"@type\":\"SearchAction\",\"target\":{\"@type\":\"EntryPoint\",\"urlTemplate\":\"https:\/\/hotel-oasis.gr\/?s={search_term_string}\"},\"query-input\":\"required name=search_term_string\"}],\"inLanguage\":\"de-DE\"}]}<\/script>\n<!-- \/ Yoast SEO plugin. -->","yoast_head_json":{"title":"[:el]\u03a0\u03bf\u03bb\u03b9\u03c4\u03b9\u03ba\u03ae \u0391\u03c0\u03bf\u03c1\u03c1\u03ae\u03c4\u03bf\u03c5[:en]Privacy Policy[:de]Datenschutz-Bestimmungen[:it]Politica sulla riservatezza[:ru]\u043f\u043e\u043b\u0438\u0442\u0438\u043a\u0430 \u043a\u043e\u043d\u0444\u0438\u0434\u0435\u043d\u0446\u0438\u0430\u043b\u044c\u043d\u043e\u0441\u0442\u0438[:fr]Politique de confidentialit\u00e9[:] - Oasis Hotel","robots":{"index":"index","follow":"follow","max-snippet":"max-snippet:-1","max-image-preview":"max-image-preview:large","max-video-preview":"max-video-preview:-1"},"canonical":"https:\/\/hotel-oasis.gr\/it\/privacy-policy\/","og_locale":"de_DE","og_type":"article","og_title":"[:el]\u03a0\u03bf\u03bb\u03b9\u03c4\u03b9\u03ba\u03ae \u0391\u03c0\u03bf\u03c1\u03c1\u03ae\u03c4\u03bf\u03c5[:en]Privacy Policy[:de]Datenschutz-Bestimmungen[:it]Politica sulla riservatezza[:ru]\u043f\u043e\u043b\u0438\u0442\u0438\u043a\u0430 \u043a\u043e\u043d\u0444\u0438\u0434\u0435\u043d\u0446\u0438\u0430\u043b\u044c\u043d\u043e\u0441\u0442\u0438[:fr]Politique de confidentialit\u00e9[:] - Oasis Hotel","og_description":"[vc_row][vc_column][\/vc_column][\/vc_row]","og_url":"https:\/\/hotel-oasis.gr\/it\/privacy-policy\/","og_site_name":"Oasis Hotel","article_modified_time":"2018-11-25T22:42:41+00:00","twitter_card":"summary_large_image","twitter_misc":{"Gesch\u00e4tzte Lesezeit":"23 Minuten"},"schema":{"@context":"https:\/\/schema.org","@graph":[{"@type":"WebPage","@id":"https:\/\/hotel-oasis.gr\/it\/privacy-policy\/","url":"https:\/\/hotel-oasis.gr\/it\/privacy-policy\/","name":"[:el]\u03a0\u03bf\u03bb\u03b9\u03c4\u03b9\u03ba\u03ae \u0391\u03c0\u03bf\u03c1\u03c1\u03ae\u03c4\u03bf\u03c5[:en]Privacy Policy[:de]Datenschutz-Bestimmungen[:it]Politica sulla riservatezza[:ru]\u043f\u043e\u043b\u0438\u0442\u0438\u043a\u0430 \u043a\u043e\u043d\u0444\u0438\u0434\u0435\u043d\u0446\u0438\u0430\u043b\u044c\u043d\u043e\u0441\u0442\u0438[:fr]Politique de confidentialit\u00e9[:] - Oasis Hotel","isPartOf":{"@id":"https:\/\/hotel-oasis.gr\/#website"},"datePublished":"2018-10-10T07:26:17+00:00","dateModified":"2018-11-25T22:42:41+00:00","breadcrumb":{"@id":"https:\/\/hotel-oasis.gr\/it\/privacy-policy\/#breadcrumb"},"inLanguage":"de-DE","potentialAction":[{"@type":"ReadAction","target":["https:\/\/hotel-oasis.gr\/it\/privacy-policy\/"]}]},{"@type":"BreadcrumbList","@id":"https:\/\/hotel-oasis.gr\/it\/privacy-policy\/#breadcrumb","itemListElement":[{"@type":"ListItem","position":1,"name":"\u0391\u03c1\u03c7\u03b9\u03ba\u03ae","item":"https:\/\/hotel-oasis.gr\/"},{"@type":"ListItem","position":2,"name":"Politica sulla riservatezza"}]},{"@type":"WebSite","@id":"https:\/\/hotel-oasis.gr\/#website","url":"https:\/\/hotel-oasis.gr\/","name":"Oasis Hotel","description":"Hotel Oasis","potentialAction":[{"@type":"SearchAction","target":{"@type":"EntryPoint","urlTemplate":"https:\/\/hotel-oasis.gr\/?s={search_term_string}"},"query-input":"required name=search_term_string"}],"inLanguage":"de-DE"}]}},"_links":{"self":[{"href":"https:\/\/hotel-oasis.gr\/de\/wp-json\/wp\/v2\/pages\/12"}],"collection":[{"href":"https:\/\/hotel-oasis.gr\/de\/wp-json\/wp\/v2\/pages"}],"about":[{"href":"https:\/\/hotel-oasis.gr\/de\/wp-json\/wp\/v2\/types\/page"}],"author":[{"embeddable":true,"href":"https:\/\/hotel-oasis.gr\/de\/wp-json\/wp\/v2\/users\/46"}],"replies":[{"embeddable":true,"href":"https:\/\/hotel-oasis.gr\/de\/wp-json\/wp\/v2\/comments?post=12"}],"version-history":[{"count":12,"href":"https:\/\/hotel-oasis.gr\/de\/wp-json\/wp\/v2\/pages\/12\/revisions"}],"predecessor-version":[{"id":2423,"href":"https:\/\/hotel-oasis.gr\/de\/wp-json\/wp\/v2\/pages\/12\/revisions\/2423"}],"wp:attachment":[{"href":"https:\/\/hotel-oasis.gr\/de\/wp-json\/wp\/v2\/media?parent=12"}],"curies":[{"name":"wp","href":"https:\/\/api.w.org\/{rel}","templated":true}]}}