{"id":366,"date":"2018-04-19T14:29:10","date_gmt":"2018-04-19T14:29:10","guid":{"rendered":"http:\/\/themebubble.com\/demo\/hotelluxe\/?page_id=366"},"modified":"2018-11-25T22:44:56","modified_gmt":"2018-11-25T22:44:56","slug":"hotel-policy","status":"publish","type":"page","link":"https:\/\/hotel-oasis.gr\/de\/hotel-policy\/","title":{"rendered":"Hotelrichtlinien"},"content":{"rendered":"<p>[vc_row][vc_column]<div class=\"text-block \" ><div class=\"simple-text \"><h2 style=\"text-align: center;\">Hotelrichtlinien<\/h2>\n<\/div><\/div><div  class=\"empty-space  marg-lg-b25\"><\/div>[\/vc_column][\/vc_row][vc_row][vc_column width=&#8221;1\/2&#8243;]<div class=\"text-block \" ><div class=\"simple-text \"><p><strong>Ankunft:<\/strong> 13:00 Uhr (13:00 Uhr)<\/p>\n<p><strong>Check-out:<\/strong> 07.00 Uhr (12.00 Uhr)<\/p>\n<p><strong>Sp\u00e4ter Check-out:<\/strong> G\u00e4ste, die bis 18:00 Uhr (06:00 Uhr) im Zimmer \u00fcbernachten, zahlen einen Aufpreis von 50% f\u00fcr den Zimmerpreis. Nach 18.00 Uhr wird der volle Zimmerpreis bezahlt.<\/p>\n<p><strong>Politik f\u00fcr Kinder<\/strong><br \/>\nKinder von 0 bis 5 Jahren, die im selben Zimmer mit 2 Erwachsenen \u00fcbernachten, sind kostenlos.<br \/>\nHalbpension (Gro\u00dfbritannien) = Kinder bis 6 Jahre frei. Kinder 7-12 Jahre 50% Rabatt auf den Preis der HB-Person.<\/p>\n<\/div><\/div>[\/vc_column][vc_column width=&#8221;1\/2&#8243;]<div class=\"text-block \" ><div class=\"simple-text \"><p><strong>Buchungsbestimmungen<\/strong><br \/>\nNach schriftlicher Vereinbarung mit dem Hotel ist es m\u00f6glich, An- und Abreisetermin zu verschieben.<\/p>\n<p><strong>\u00c4nderungsrichtlinie<\/strong><br \/>\nBis zu 48 Stunden vor Ihrer Ankunft und solange Zimmer verf\u00fcgbar sind, haben Sie keinen Aufpreis. Bei \u00c4nderungen, die weniger als 48 Stunden vor der urspr\u00fcnglichen Ankunft erfolgen, wird eine Tagesgeb\u00fchr berechnet.<\/p>\n<p><strong>Stornierungsbedingungen<\/strong><br \/>\nWenn die Stornierung mindestens 21 Tage vor dem Ankunftsdatum erfolgt, f\u00e4llt keine Stornierungsgeb\u00fchr an. Nach Ablauf der 21-t\u00e4gigen Frist betr\u00e4gt die Geb\u00fchr 50% der Buchungskosten. Wenn die Stornierung 14 Tage vor dem Ankunftsdatum erfolgt, betr\u00e4gt die Stornierungsgeb\u00fchr 70%. Stornierungen, die weniger als 7 Tage vor Ankunft erfolgen, werden zu 100% des Buchungspreises berechnet. Bei Nichterscheinen werden auch 100% der Buchungsgeb\u00fchr berechnet.<\/p>\n<\/div><\/div>[\/vc_column][\/vc_row]<\/p>","protected":false},"excerpt":{"rendered":"<p>[vc_row][vc_column][\/vc_column][\/vc_row][vc_row][vc_column width=&#8221;1\/2&#8243;][\/vc_column][vc_column width=&#8221;1\/2&#8243;][\/vc_column][\/vc_row]<\/p>\n","protected":false},"author":46,"featured_media":0,"parent":0,"menu_order":0,"comment_status":"closed","ping_status":"closed","template":"","meta":[],"yoast_head":"<!-- This site is optimized with the Yoast SEO plugin v20.2.1 - https:\/\/yoast.com\/wordpress\/plugins\/seo\/ -->\n<title>Hotelrichtlinien - Oasis Hotel<\/title>\n<meta name=\"robots\" content=\"index, follow, max-snippet:-1, max-image-preview:large, max-video-preview:-1\" \/>\n<link rel=\"canonical\" href=\"https:\/\/hotel-oasis.gr\/hotel-policy\/\" \/>\n<meta property=\"og:locale\" content=\"de_DE\" \/>\n<meta property=\"og:type\" content=\"article\" \/>\n<meta property=\"og:title\" content=\"[:el]\u03a0\u03bf\u03bb\u03b9\u03c4\u03b9\u03ba\u03ae \u039e\u03b5\u03bd\u03bf\u03b4\u03bf\u03c7\u03b5\u03af\u03bf\u03c5[:en]Hotel Policy[:de]Hotelrichtlinien[:it]Politica dell&#039;hotel[:ru]\u041f\u043e\u0440\u044f\u0434\u043e\u043a \u043f\u0440\u043e\u0436\u0438\u0432\u0430\u043d\u0438\u044f \u0432 \u043e\u0442\u0435\u043b\u0435[:fr]Politique de l&#039;h\u00f4tel[:] - Oasis Hotel\" \/>\n<meta property=\"og:description\" content=\"[vc_row][vc_column][\/vc_column][\/vc_row][vc_row][vc_column width=&#8221;1\/2&#8243;][\/vc_column][vc_column width=&#8221;1\/2&#8243;][\/vc_column][\/vc_row]\" \/>\n<meta property=\"og:url\" content=\"https:\/\/hotel-oasis.gr\/hotel-policy\/\" \/>\n<meta property=\"og:site_name\" content=\"Oasis Hotel\" \/>\n<meta property=\"article:modified_time\" content=\"2018-11-25T22:44:56+00:00\" \/>\n<meta name=\"twitter:card\" content=\"summary_large_image\" \/>\n<meta name=\"twitter:label1\" content=\"Gesch\u00e4tzte Lesezeit\" \/>\n\t<meta name=\"twitter:data1\" content=\"6 Minuten\" \/>\n<script type=\"application\/ld+json\" class=\"yoast-schema-graph\">{\"@context\":\"https:\/\/schema.org\",\"@graph\":[{\"@type\":\"WebPage\",\"@id\":\"https:\/\/hotel-oasis.gr\/hotel-policy\/\",\"url\":\"https:\/\/hotel-oasis.gr\/hotel-policy\/\",\"name\":\"[:el]\u03a0\u03bf\u03bb\u03b9\u03c4\u03b9\u03ba\u03ae \u039e\u03b5\u03bd\u03bf\u03b4\u03bf\u03c7\u03b5\u03af\u03bf\u03c5[:en]Hotel Policy[:de]Hotelrichtlinien[:it]Politica dell'hotel[:ru]\u041f\u043e\u0440\u044f\u0434\u043e\u043a \u043f\u0440\u043e\u0436\u0438\u0432\u0430\u043d\u0438\u044f \u0432 \u043e\u0442\u0435\u043b\u0435[:fr]Politique de l'h\u00f4tel[:] - Oasis Hotel\",\"isPartOf\":{\"@id\":\"https:\/\/hotel-oasis.gr\/#website\"},\"datePublished\":\"2018-04-19T14:29:10+00:00\",\"dateModified\":\"2018-11-25T22:44:56+00:00\",\"breadcrumb\":{\"@id\":\"https:\/\/hotel-oasis.gr\/hotel-policy\/#breadcrumb\"},\"inLanguage\":\"de-DE\",\"potentialAction\":[{\"@type\":\"ReadAction\",\"target\":[\"https:\/\/hotel-oasis.gr\/hotel-policy\/\"]}]},{\"@type\":\"BreadcrumbList\",\"@id\":\"https:\/\/hotel-oasis.gr\/hotel-policy\/#breadcrumb\",\"itemListElement\":[{\"@type\":\"ListItem\",\"position\":1,\"name\":\"\u0391\u03c1\u03c7\u03b9\u03ba\u03ae\",\"item\":\"https:\/\/hotel-oasis.gr\/\"},{\"@type\":\"ListItem\",\"position\":2,\"name\":\"\u03a0\u03bf\u03bb\u03b9\u03c4\u03b9\u03ba\u03ae \u039e\u03b5\u03bd\u03bf\u03b4\u03bf\u03c7\u03b5\u03af\u03bf\u03c5\"}]},{\"@type\":\"WebSite\",\"@id\":\"https:\/\/hotel-oasis.gr\/#website\",\"url\":\"https:\/\/hotel-oasis.gr\/\",\"name\":\"Oasis Hotel\",\"description\":\"Hotel Oasis\",\"potentialAction\":[{\"@type\":\"SearchAction\",\"target\":{\"@type\":\"EntryPoint\",\"urlTemplate\":\"https:\/\/hotel-oasis.gr\/?s={search_term_string}\"},\"query-input\":\"required name=search_term_string\"}],\"inLanguage\":\"de-DE\"}]}<\/script>\n<!-- \/ Yoast SEO plugin. -->","yoast_head_json":{"title":"[:el]\u03a0\u03bf\u03bb\u03b9\u03c4\u03b9\u03ba\u03ae \u039e\u03b5\u03bd\u03bf\u03b4\u03bf\u03c7\u03b5\u03af\u03bf\u03c5[:en]Hotel Policy[:de]Hotelrichtlinien[:it]Politica dell'hotel[:ru]\u041f\u043e\u0440\u044f\u0434\u043e\u043a \u043f\u0440\u043e\u0436\u0438\u0432\u0430\u043d\u0438\u044f \u0432 \u043e\u0442\u0435\u043b\u0435[:fr]Politique de l'h\u00f4tel[:] - Oasis Hotel","robots":{"index":"index","follow":"follow","max-snippet":"max-snippet:-1","max-image-preview":"max-image-preview:large","max-video-preview":"max-video-preview:-1"},"canonical":"https:\/\/hotel-oasis.gr\/hotel-policy\/","og_locale":"de_DE","og_type":"article","og_title":"[:el]\u03a0\u03bf\u03bb\u03b9\u03c4\u03b9\u03ba\u03ae \u039e\u03b5\u03bd\u03bf\u03b4\u03bf\u03c7\u03b5\u03af\u03bf\u03c5[:en]Hotel Policy[:de]Hotelrichtlinien[:it]Politica dell'hotel[:ru]\u041f\u043e\u0440\u044f\u0434\u043e\u043a \u043f\u0440\u043e\u0436\u0438\u0432\u0430\u043d\u0438\u044f \u0432 \u043e\u0442\u0435\u043b\u0435[:fr]Politique de l'h\u00f4tel[:] - Oasis Hotel","og_description":"[vc_row][vc_column][\/vc_column][\/vc_row][vc_row][vc_column width=&#8221;1\/2&#8243;][\/vc_column][vc_column width=&#8221;1\/2&#8243;][\/vc_column][\/vc_row]","og_url":"https:\/\/hotel-oasis.gr\/hotel-policy\/","og_site_name":"Oasis Hotel","article_modified_time":"2018-11-25T22:44:56+00:00","twitter_card":"summary_large_image","twitter_misc":{"Gesch\u00e4tzte Lesezeit":"6 Minuten"},"schema":{"@context":"https:\/\/schema.org","@graph":[{"@type":"WebPage","@id":"https:\/\/hotel-oasis.gr\/hotel-policy\/","url":"https:\/\/hotel-oasis.gr\/hotel-policy\/","name":"[:el]\u03a0\u03bf\u03bb\u03b9\u03c4\u03b9\u03ba\u03ae \u039e\u03b5\u03bd\u03bf\u03b4\u03bf\u03c7\u03b5\u03af\u03bf\u03c5[:en]Hotel Policy[:de]Hotelrichtlinien[:it]Politica dell'hotel[:ru]\u041f\u043e\u0440\u044f\u0434\u043e\u043a \u043f\u0440\u043e\u0436\u0438\u0432\u0430\u043d\u0438\u044f \u0432 \u043e\u0442\u0435\u043b\u0435[:fr]Politique de l'h\u00f4tel[:] - Oasis Hotel","isPartOf":{"@id":"https:\/\/hotel-oasis.gr\/#website"},"datePublished":"2018-04-19T14:29:10+00:00","dateModified":"2018-11-25T22:44:56+00:00","breadcrumb":{"@id":"https:\/\/hotel-oasis.gr\/hotel-policy\/#breadcrumb"},"inLanguage":"de-DE","potentialAction":[{"@type":"ReadAction","target":["https:\/\/hotel-oasis.gr\/hotel-policy\/"]}]},{"@type":"BreadcrumbList","@id":"https:\/\/hotel-oasis.gr\/hotel-policy\/#breadcrumb","itemListElement":[{"@type":"ListItem","position":1,"name":"\u0391\u03c1\u03c7\u03b9\u03ba\u03ae","item":"https:\/\/hotel-oasis.gr\/"},{"@type":"ListItem","position":2,"name":"\u03a0\u03bf\u03bb\u03b9\u03c4\u03b9\u03ba\u03ae \u039e\u03b5\u03bd\u03bf\u03b4\u03bf\u03c7\u03b5\u03af\u03bf\u03c5"}]},{"@type":"WebSite","@id":"https:\/\/hotel-oasis.gr\/#website","url":"https:\/\/hotel-oasis.gr\/","name":"Oasis Hotel","description":"Hotel Oasis","potentialAction":[{"@type":"SearchAction","target":{"@type":"EntryPoint","urlTemplate":"https:\/\/hotel-oasis.gr\/?s={search_term_string}"},"query-input":"required name=search_term_string"}],"inLanguage":"de-DE"}]}},"_links":{"self":[{"href":"https:\/\/hotel-oasis.gr\/de\/wp-json\/wp\/v2\/pages\/366"}],"collection":[{"href":"https:\/\/hotel-oasis.gr\/de\/wp-json\/wp\/v2\/pages"}],"about":[{"href":"https:\/\/hotel-oasis.gr\/de\/wp-json\/wp\/v2\/types\/page"}],"author":[{"embeddable":true,"href":"https:\/\/hotel-oasis.gr\/de\/wp-json\/wp\/v2\/users\/46"}],"replies":[{"embeddable":true,"href":"https:\/\/hotel-oasis.gr\/de\/wp-json\/wp\/v2\/comments?post=366"}],"version-history":[{"count":20,"href":"https:\/\/hotel-oasis.gr\/de\/wp-json\/wp\/v2\/pages\/366\/revisions"}],"predecessor-version":[{"id":2425,"href":"https:\/\/hotel-oasis.gr\/de\/wp-json\/wp\/v2\/pages\/366\/revisions\/2425"}],"wp:attachment":[{"href":"https:\/\/hotel-oasis.gr\/de\/wp-json\/wp\/v2\/media?parent=366"}],"curies":[{"name":"wp","href":"https:\/\/api.w.org\/{rel}","templated":true}]}}