{"id":12,"date":"2018-10-10T07:26:17","date_gmt":"2018-10-10T07:26:17","guid":{"rendered":"http:\/\/www.oasis.eclubtravel.com\/hotel-term-condition\/"},"modified":"2018-11-25T22:42:41","modified_gmt":"2018-11-25T22:42:41","slug":"privacy-policy","status":"publish","type":"page","link":"https:\/\/hotel-oasis.gr\/fr\/privacy-policy\/","title":{"rendered":"Politique de confidentialit\u00e9"},"content":{"rendered":"<p>[vc_row][vc_column]<div class=\"text-block \" ><div class=\"simple-text \"><p>1. INFORMATIONS G\u00c9N\u00c9RALES<br \/>\nL&#8217;utilisation de nos pages Web et des services fournis au visiteur sur le site https:\/\/hotel-oasis.gr\/ requiert votre accord avec la politique de confidentialit\u00e9 de ce site. Par cons\u00e9quent, le visiteur doit lire attentivement le contenu de cette page avant d&#8217;utiliser les services de notre site Web. S&#8217;il n&#8217;est pas d&#8217;accord, il doit quitter ce site et ne JAMAIS utiliser aucun de ses services ou contenu. Cette politique de confidentialit\u00e9 peut changer de temps en temps selon la l\u00e9gislation en vigueur. Nous ne notifierons pas explicitement nos clients ou les utilisateurs de notre site de ces modifications. Au lieu de cela, nous vous recommandons de visiter occasionnellement cette page pour tout changement de cette politique de confidentialit\u00e9. L&#8217;utilisation continue du site internet hotel-oasis.gr, m\u00eame apr\u00e8s toute modification de la politique de confidentialit\u00e9, implique l&#8217;acceptation sans r\u00e9serve de ces termes par vous.<\/p>\n<p>2. INFORMATIONS PERSONNELLES RECUEILLIES PAR https:\/\/hotel-oasis.gr\/<br \/>\nCe site recueille et utilise des informations personnelles pour les raisons suivantes:<\/p>\n<p>2.1 SURVEILLANCE DE LA CIRCULATION SUR LE SITE WEB<br \/>\nComme la plupart des sites, ce site utilise Google Analytics (GA) pour suivre l&#8217;activit\u00e9 des utilisateurs. Nous utilisons ces donn\u00e9es pour d\u00e9terminer le nombre de visiteurs de notre site afin de mieux comprendre comment ils trouvent et utilisent nos pages Web. Bien que GA enregistre des donn\u00e9es telles que votre position g\u00e9ographique, votre appareil, votre navigateur Web et votre syst\u00e8me d&#8217;exploitation, aucune de ces informations ne vous identifie \u00e0 nous. GA enregistre \u00e9galement l&#8217;adresse IP de votre ordinateur, qui pourrait \u00eatre utilis\u00e9e pour vous identifier, mais Google ne lui en donne pas l&#8217;acc\u00e8s. Nous pensons que Google est un troisi\u00e8me processeur de donn\u00e9es conforme aux exigences de la l\u00e9gislation europ\u00e9enne.<\/p>\n<p>2.2 FORMULAIRES DE CONTACT ET LIENS PAR E-MAIL<br \/>\nSi vous choisissez de nous contacter en utilisant un formulaire de contact ou un lien par e-mail, aucune des donn\u00e9es que vous nous avez fournies ne sera stock\u00e9e sur notre site, ni transf\u00e9r\u00e9e ni trait\u00e9e par un quelconque traitement de donn\u00e9es tiers, tel que d\u00e9fini ci-dessous dans la section \u00abNos processeurs de donn\u00e9es tiers \u00bb Au lieu de cela, ces donn\u00e9es nous seront envoy\u00e9es via un protocole SMTP (Simple Mail Transfer Protocol). Nos serveurs SMTP sont prot\u00e9g\u00e9s par un protocole de s\u00e9curit\u00e9 TLS (\u00e9galement appel\u00e9 SSL), ce qui signifie que le contenu des courriers \u00e9lectroniques est crypt\u00e9 avant d\u2019\u00eatre envoy\u00e9 sur Internet. Le contenu de l&#8217;e-mail est d\u00e9chiffr\u00e9 par nos ordinateurs et p\u00e9riph\u00e9riques locaux.<\/p>\n<p>3. \u00c0 PROPOS DES COOKIES<br \/>\n3.1. QU&#8217;EST-CE QU&#8217;UN COOKIE?<br \/>\nLe terme \u00abcookie\u00bb fait r\u00e9f\u00e9rence \u00e0 un petit fichier de donn\u00e9es constitu\u00e9 uniquement d\u2019un ensemble d\u2019informations textuelles que le site transmet au navigateur Web sur le disque dur de votre ordinateur, soit de mani\u00e8re temporaire tout au long de votre visite, soit parfois pendant de plus longues p\u00e9riodes, en fonction du type de contenu. biscuit. Les cookies effectuent diff\u00e9rentes op\u00e9rations (par exemple, vous vous distinguez des visiteurs des autres sites ou conservez certaines de vos informations personnelles comme vos pr\u00e9f\u00e9rences) et sont utilis\u00e9s par la plupart des sites Web pour am\u00e9liorer votre exp\u00e9rience utilisateur. Chaque cookie est unique \u00e0 votre navigateur et contient des informations anonymes. Un cookie contient g\u00e9n\u00e9ralement le nom du champ de cookie, sa dur\u00e9e de vie et une valeur (g\u00e9n\u00e9ralement sous la forme d\u2019un num\u00e9ro unique g\u00e9n\u00e9r\u00e9 al\u00e9atoirement).<\/p>\n<p>3.2. COOKIES SUR CE SITE ET COMMENT LES G\u00c9RER<br \/>\nSur ce site, nous utilisons des cookies pour am\u00e9liorer votre exp\u00e9rience d&#8217;utilisateur. Consultez les informations suivantes sur les cookies tiers que nous utilisons sur ce site, y compris comment les d\u00e9sactiver et leur effet sur la fonctionnalit\u00e9 du site.<\/p>\n<p>3.3. GOOGLE ANALYTICS COOKIES<br \/>\nLes cookies de Google Analytics sont des cookies d&#8217;analyse de performance \/ de journalisation qui nous permettent de collecter des informations anonymes sur la mani\u00e8re dont les visiteurs utilisent notre site. Ces cookies peuvent nous informer sur le nombre de visiteurs sur le site, l\u2019heure et la dur\u00e9e de la visite, ainsi que sur la mani\u00e8re dont les visiteurs naviguent sur le site. Ces informations nous aident \u00e0 am\u00e9liorer le fonctionnement de notre site. Ce sont des informations anonymes et ne contiennent pas d&#8217;informations personnelles.<\/p>\n<p>Les informations collect\u00e9es par les cookies de Google Analytics sur notre site sont transf\u00e9r\u00e9es et stock\u00e9es sur les serveurs de Google conform\u00e9ment \u00e0 la politique de confidentialit\u00e9 de Google.<\/p>\n<p>Pour plus d&#8217;informations sur Google Analytics, consultez la page https:\/\/support.google.com\/analytics\/answer\/6004245.<\/p>\n<p>Vous pouvez d\u00e9sactiver le suivi Google Analytics en visitant https: \/\/tools.go ogle.com\/dlpa ge \/ gaoptout? Hl = en = GB<\/p>\n<p>Si vous d\u00e9sactivez ces cookies, votre activit\u00e9 ne sera ni compt\u00e9e ni utilis\u00e9e dans les statistiques que nous collectons pour am\u00e9liorer les services que nous fournissons via ce site. La fonctionnalit\u00e9 du site Web ne sera pas affect\u00e9e.<\/p>\n<p>4. COMMENT NOUS G\u00c9RONS VOS DONN\u00c9ES PERSONNELLES<br \/>\nSur https:\/\/hotel-oasis.gr\/, nous accordons la plus haute priorit\u00e9 \u00e0 la protection de vos donn\u00e9es personnelles et respectons le r\u00e8glement europ\u00e9en sur la protection des donn\u00e9es (GDPR).<\/p>\n<p>Nous avons pris les mesures techniques n\u00e9cessaires pour assurer la protection des donn\u00e9es personnelles lors de la transmission, de la gestion et du stockage, mais la nature de l\u2019Internet est telle que rien ne peut garantir une protection absolue. Pour cette raison, vous pouvez \u00e9galement nous contacter par d&#8217;autres moyens (par exemple, par t\u00e9l\u00e9phone).<\/p>\n<p>5. QUELS SONT VOS DROITS SUR VOS DONN\u00c9ES PERSONNELLES?<br \/>\nVous pouvez demander \u00e0 recevoir un enregistrement d&#8217;exportation des donn\u00e9es personnelles que nous d\u00e9tenons pour vous, y compris les donn\u00e9es que vous nous avez fournies. Vous pouvez \u00e9galement demander la suppression des donn\u00e9es personnelles que nous d\u00e9tenons pour vous. Cela n&#8217;inclut pas les donn\u00e9es que nous sommes tenus de conserver pour des raisons administratives, juridiques ou de s\u00e9curit\u00e9.<\/p>\n<p>Pour demander votre fichier de donn\u00e9es personnelles export\u00e9 ou supprimer vos donn\u00e9es personnelles, vous pouvez contacter en utilisant le formulaire de contact qui se trouve sur la page \u201cContact\u201c.<\/p>\n<p>6. \u00c0 PROPOS DU SERVEUR WEB DE CE SITE<br \/>\nTout le trafic Web (transfert de fichier) entre ce site et votre navigateur est crypt\u00e9 et transf\u00e9r\u00e9 via le protocole HTTPS \u00e0 l&#8217;aide de Secure Sockets Layer (SSL).<\/p>\n<p>7. PROCESSEURS DE DONN\u00c9ES PERSONNELLES TIERS<br \/>\nGoogle (politique de confidentialit\u00e9)<\/p>\n<p>8. INFRACTIONS AUX DONN\u00c9ES<br \/>\nPour toute information personnelle stock\u00e9e dans notre base de donn\u00e9es, toutes les mesures n\u00e9cessaires seront prises pour \u00eatre aussi s\u00e9curis\u00e9 que possible. Nous signalerons toute violation illicite de notre base de donn\u00e9es ou de toute base de donn\u00e9es de traitement de donn\u00e9es tierce \u00e0 toutes les parties prenantes concern\u00e9es ainsi qu&#8217;aux autorit\u00e9s dans les 72 heures suivant la violation, s&#8217;il est \u00e9vident que les donn\u00e9es personnelles stock\u00e9es sous une forme reconnaissable ont \u00e9t\u00e9 vol\u00e9es.<\/p>\n<p>9. MODIFICATIONS DE NOTRE POLITIQUE DE CONFIDENTIALIT\u00c9<br \/>\nCette politique de confidentialit\u00e9 peut changer de temps en temps en fonction de la l\u00e9gislation ou des d\u00e9veloppements dans l&#8217;industrie. Nous ne notifierons pas explicitement nos clients ou les visiteurs \/ utilisateurs de notre site de ces modifications. Au lieu de cela, nous vous encourageons \u00e0 consulter occasionnellement cette page pour tout changement de politique.<\/p>\n<\/div><\/div>[\/vc_column][\/vc_row]<\/p>","protected":false},"excerpt":{"rendered":"<p>[vc_row][vc_column][\/vc_column][\/vc_row]<\/p>\n","protected":false},"author":46,"featured_media":0,"parent":0,"menu_order":0,"comment_status":"closed","ping_status":"closed","template":"","meta":[],"yoast_head":"<!-- This site is optimized with the Yoast SEO plugin v20.2.1 - https:\/\/yoast.com\/wordpress\/plugins\/seo\/ -->\n<title>Politique de confidentialit\u00e9 - Oasis Hotel<\/title>\n<meta name=\"robots\" content=\"index, follow, max-snippet:-1, max-image-preview:large, max-video-preview:-1\" \/>\n<link rel=\"canonical\" href=\"https:\/\/hotel-oasis.gr\/it\/privacy-policy\/\" \/>\n<meta property=\"og:locale\" content=\"fr_FR\" \/>\n<meta property=\"og:type\" content=\"article\" \/>\n<meta property=\"og:title\" content=\"[:el]\u03a0\u03bf\u03bb\u03b9\u03c4\u03b9\u03ba\u03ae \u0391\u03c0\u03bf\u03c1\u03c1\u03ae\u03c4\u03bf\u03c5[:en]Privacy Policy[:de]Datenschutz-Bestimmungen[:it]Politica sulla riservatezza[:ru]\u043f\u043e\u043b\u0438\u0442\u0438\u043a\u0430 \u043a\u043e\u043d\u0444\u0438\u0434\u0435\u043d\u0446\u0438\u0430\u043b\u044c\u043d\u043e\u0441\u0442\u0438[:fr]Politique de confidentialit\u00e9[:] - Oasis Hotel\" \/>\n<meta property=\"og:description\" content=\"[vc_row][vc_column][\/vc_column][\/vc_row]\" \/>\n<meta property=\"og:url\" content=\"https:\/\/hotel-oasis.gr\/it\/privacy-policy\/\" \/>\n<meta property=\"og:site_name\" content=\"Oasis Hotel\" \/>\n<meta property=\"article:modified_time\" content=\"2018-11-25T22:42:41+00:00\" \/>\n<meta name=\"twitter:card\" content=\"summary_large_image\" \/>\n<meta name=\"twitter:label1\" content=\"Dur\u00e9e de lecture estim\u00e9e\" \/>\n\t<meta name=\"twitter:data1\" content=\"23 minutes\" \/>\n<script type=\"application\/ld+json\" class=\"yoast-schema-graph\">{\"@context\":\"https:\/\/schema.org\",\"@graph\":[{\"@type\":\"WebPage\",\"@id\":\"https:\/\/hotel-oasis.gr\/it\/privacy-policy\/\",\"url\":\"https:\/\/hotel-oasis.gr\/it\/privacy-policy\/\",\"name\":\"[:el]\u03a0\u03bf\u03bb\u03b9\u03c4\u03b9\u03ba\u03ae \u0391\u03c0\u03bf\u03c1\u03c1\u03ae\u03c4\u03bf\u03c5[:en]Privacy Policy[:de]Datenschutz-Bestimmungen[:it]Politica sulla riservatezza[:ru]\u043f\u043e\u043b\u0438\u0442\u0438\u043a\u0430 \u043a\u043e\u043d\u0444\u0438\u0434\u0435\u043d\u0446\u0438\u0430\u043b\u044c\u043d\u043e\u0441\u0442\u0438[:fr]Politique de confidentialit\u00e9[:] - Oasis Hotel\",\"isPartOf\":{\"@id\":\"https:\/\/hotel-oasis.gr\/#website\"},\"datePublished\":\"2018-10-10T07:26:17+00:00\",\"dateModified\":\"2018-11-25T22:42:41+00:00\",\"breadcrumb\":{\"@id\":\"https:\/\/hotel-oasis.gr\/it\/privacy-policy\/#breadcrumb\"},\"inLanguage\":\"fr-FR\",\"potentialAction\":[{\"@type\":\"ReadAction\",\"target\":[\"https:\/\/hotel-oasis.gr\/it\/privacy-policy\/\"]}]},{\"@type\":\"BreadcrumbList\",\"@id\":\"https:\/\/hotel-oasis.gr\/it\/privacy-policy\/#breadcrumb\",\"itemListElement\":[{\"@type\":\"ListItem\",\"position\":1,\"name\":\"\u0391\u03c1\u03c7\u03b9\u03ba\u03ae\",\"item\":\"https:\/\/hotel-oasis.gr\/\"},{\"@type\":\"ListItem\",\"position\":2,\"name\":\"Politica sulla riservatezza\"}]},{\"@type\":\"WebSite\",\"@id\":\"https:\/\/hotel-oasis.gr\/#website\",\"url\":\"https:\/\/hotel-oasis.gr\/\",\"name\":\"Oasis Hotel\",\"description\":\"Hotel Oasis\",\"potentialAction\":[{\"@type\":\"SearchAction\",\"target\":{\"@type\":\"EntryPoint\",\"urlTemplate\":\"https:\/\/hotel-oasis.gr\/?s={search_term_string}\"},\"query-input\":\"required name=search_term_string\"}],\"inLanguage\":\"fr-FR\"}]}<\/script>\n<!-- \/ Yoast SEO plugin. -->","yoast_head_json":{"title":"[:el]\u03a0\u03bf\u03bb\u03b9\u03c4\u03b9\u03ba\u03ae \u0391\u03c0\u03bf\u03c1\u03c1\u03ae\u03c4\u03bf\u03c5[:en]Privacy Policy[:de]Datenschutz-Bestimmungen[:it]Politica sulla riservatezza[:ru]\u043f\u043e\u043b\u0438\u0442\u0438\u043a\u0430 \u043a\u043e\u043d\u0444\u0438\u0434\u0435\u043d\u0446\u0438\u0430\u043b\u044c\u043d\u043e\u0441\u0442\u0438[:fr]Politique de confidentialit\u00e9[:] - Oasis Hotel","robots":{"index":"index","follow":"follow","max-snippet":"max-snippet:-1","max-image-preview":"max-image-preview:large","max-video-preview":"max-video-preview:-1"},"canonical":"https:\/\/hotel-oasis.gr\/it\/privacy-policy\/","og_locale":"fr_FR","og_type":"article","og_title":"[:el]\u03a0\u03bf\u03bb\u03b9\u03c4\u03b9\u03ba\u03ae \u0391\u03c0\u03bf\u03c1\u03c1\u03ae\u03c4\u03bf\u03c5[:en]Privacy Policy[:de]Datenschutz-Bestimmungen[:it]Politica sulla riservatezza[:ru]\u043f\u043e\u043b\u0438\u0442\u0438\u043a\u0430 \u043a\u043e\u043d\u0444\u0438\u0434\u0435\u043d\u0446\u0438\u0430\u043b\u044c\u043d\u043e\u0441\u0442\u0438[:fr]Politique de confidentialit\u00e9[:] - Oasis Hotel","og_description":"[vc_row][vc_column][\/vc_column][\/vc_row]","og_url":"https:\/\/hotel-oasis.gr\/it\/privacy-policy\/","og_site_name":"Oasis Hotel","article_modified_time":"2018-11-25T22:42:41+00:00","twitter_card":"summary_large_image","twitter_misc":{"Dur\u00e9e de lecture estim\u00e9e":"23 minutes"},"schema":{"@context":"https:\/\/schema.org","@graph":[{"@type":"WebPage","@id":"https:\/\/hotel-oasis.gr\/it\/privacy-policy\/","url":"https:\/\/hotel-oasis.gr\/it\/privacy-policy\/","name":"[:el]\u03a0\u03bf\u03bb\u03b9\u03c4\u03b9\u03ba\u03ae \u0391\u03c0\u03bf\u03c1\u03c1\u03ae\u03c4\u03bf\u03c5[:en]Privacy Policy[:de]Datenschutz-Bestimmungen[:it]Politica sulla riservatezza[:ru]\u043f\u043e\u043b\u0438\u0442\u0438\u043a\u0430 \u043a\u043e\u043d\u0444\u0438\u0434\u0435\u043d\u0446\u0438\u0430\u043b\u044c\u043d\u043e\u0441\u0442\u0438[:fr]Politique de confidentialit\u00e9[:] - Oasis Hotel","isPartOf":{"@id":"https:\/\/hotel-oasis.gr\/#website"},"datePublished":"2018-10-10T07:26:17+00:00","dateModified":"2018-11-25T22:42:41+00:00","breadcrumb":{"@id":"https:\/\/hotel-oasis.gr\/it\/privacy-policy\/#breadcrumb"},"inLanguage":"fr-FR","potentialAction":[{"@type":"ReadAction","target":["https:\/\/hotel-oasis.gr\/it\/privacy-policy\/"]}]},{"@type":"BreadcrumbList","@id":"https:\/\/hotel-oasis.gr\/it\/privacy-policy\/#breadcrumb","itemListElement":[{"@type":"ListItem","position":1,"name":"\u0391\u03c1\u03c7\u03b9\u03ba\u03ae","item":"https:\/\/hotel-oasis.gr\/"},{"@type":"ListItem","position":2,"name":"Politica sulla riservatezza"}]},{"@type":"WebSite","@id":"https:\/\/hotel-oasis.gr\/#website","url":"https:\/\/hotel-oasis.gr\/","name":"Oasis Hotel","description":"Hotel Oasis","potentialAction":[{"@type":"SearchAction","target":{"@type":"EntryPoint","urlTemplate":"https:\/\/hotel-oasis.gr\/?s={search_term_string}"},"query-input":"required name=search_term_string"}],"inLanguage":"fr-FR"}]}},"_links":{"self":[{"href":"https:\/\/hotel-oasis.gr\/fr\/wp-json\/wp\/v2\/pages\/12"}],"collection":[{"href":"https:\/\/hotel-oasis.gr\/fr\/wp-json\/wp\/v2\/pages"}],"about":[{"href":"https:\/\/hotel-oasis.gr\/fr\/wp-json\/wp\/v2\/types\/page"}],"author":[{"embeddable":true,"href":"https:\/\/hotel-oasis.gr\/fr\/wp-json\/wp\/v2\/users\/46"}],"replies":[{"embeddable":true,"href":"https:\/\/hotel-oasis.gr\/fr\/wp-json\/wp\/v2\/comments?post=12"}],"version-history":[{"count":12,"href":"https:\/\/hotel-oasis.gr\/fr\/wp-json\/wp\/v2\/pages\/12\/revisions"}],"predecessor-version":[{"id":2423,"href":"https:\/\/hotel-oasis.gr\/fr\/wp-json\/wp\/v2\/pages\/12\/revisions\/2423"}],"wp:attachment":[{"href":"https:\/\/hotel-oasis.gr\/fr\/wp-json\/wp\/v2\/media?parent=12"}],"curies":[{"name":"wp","href":"https:\/\/api.w.org\/{rel}","templated":true}]}}