{"id":366,"date":"2018-04-19T14:29:10","date_gmt":"2018-04-19T14:29:10","guid":{"rendered":"http:\/\/themebubble.com\/demo\/hotelluxe\/?page_id=366"},"modified":"2018-11-25T22:44:56","modified_gmt":"2018-11-25T22:44:56","slug":"hotel-policy","status":"publish","type":"page","link":"https:\/\/hotel-oasis.gr\/fr\/hotel-policy\/","title":{"rendered":"Politique de l&#8217;h\u00f4tel"},"content":{"rendered":"<p>[vc_row][vc_column]<div class=\"text-block \" ><div class=\"simple-text \"><h2 style=\"text-align: center;\">Politique de l&#8217;h\u00f4tel<\/h2>\n<\/div><\/div><div  class=\"empty-space  marg-lg-b25\"><\/div>[\/vc_column][\/vc_row][vc_row][vc_column width=&#8221;1\/2&#8243;]<div class=\"text-block \" ><div class=\"simple-text \"><p>Arriv\u00e9e: 13h00 (13h00)<\/p>\n<p>D\u00e9part: 07h00 (12h00)<\/p>\n<p>Late check-out: Les clients s\u00e9journant dans la chambre jusqu&#8217;\u00e0 18h00 (06h00) sont factur\u00e9s un suppl\u00e9ment de 50% pour le tarif de la chambre. Apr\u00e8s 18h00 (06h00), le prix total de la chambre est pay\u00e9.<\/p>\n<p>Politique de l&#8217;enfant<br \/>\nLes enfants de 0 \u00e0 5 ans s\u00e9journant dans la m\u00eame chambre que 2 adultes sont gratuits.<br \/>\nDemi-pension (Royaume-Uni) = enfants jusqu&#8217;\u00e0 6 ans gratuit. Enfants 7-12 ans 50% de r\u00e9duction sur le prix de la personne HB.<\/p>\n<\/div><\/div>[\/vc_column][vc_column width=&#8221;1\/2&#8243;]<div class=\"text-block \" ><div class=\"simple-text \"><p>R\u00e8glement de r\u00e9servation<br \/>\nApr\u00e8s un accord \u00e9crit avec l&#8217;h\u00f4tel, il est possible de d\u00e9placer la date d&#8217;arriv\u00e9e et de d\u00e9part.<\/p>\n<p>Politique de modification<br \/>\nJusqu&#8217;\u00e0 48 heures avant votre arriv\u00e9e et tant qu&#8217;il y a des chambres disponibles, vous n&#8217;avez aucun frais suppl\u00e9mentaire. Pour les modifications effectu\u00e9es moins de 48 heures apr\u00e8s l&#8217;arriv\u00e9e initiale, cela correspond \u00e0 une journ\u00e9e de facturation.<\/p>\n<p>Politique d&#8217;annulation<br \/>\nIl n&#8217;y a pas de frais d&#8217;annulation si l&#8217;annulation est faite au moins 21 jours avant la date d&#8217;arriv\u00e9e. \u00c0 l&#8217;expiration de la p\u00e9riode de 21 jours, les frais s&#8217;\u00e9l\u00e8vent \u00e0 50% du co\u00fbt de la r\u00e9servation. Si l&#8217;annulation intervient 14 jours avant la date d&#8217;arriv\u00e9e, les frais d&#8217;annulation sont de 70%. Les annulations faites moins de 7 jours avant la date d&#8217;arriv\u00e9e sont factur\u00e9es \u00e0 100% du co\u00fbt de la r\u00e9servation. Pour les non-pr\u00e9sentations, 100% des frais de r\u00e9servation sont \u00e9galement factur\u00e9s.<\/p>\n<\/div><\/div>[\/vc_column][\/vc_row]<\/p>","protected":false},"excerpt":{"rendered":"<p>[vc_row][vc_column][\/vc_column][\/vc_row][vc_row][vc_column width=&#8221;1\/2&#8243;][\/vc_column][vc_column width=&#8221;1\/2&#8243;][\/vc_column][\/vc_row]<\/p>\n","protected":false},"author":46,"featured_media":0,"parent":0,"menu_order":0,"comment_status":"closed","ping_status":"closed","template":"","meta":[],"yoast_head":"<!-- This site is optimized with the Yoast SEO plugin v20.2.1 - https:\/\/yoast.com\/wordpress\/plugins\/seo\/ -->\n<title>Politique de l&#039;h\u00f4tel - Oasis Hotel<\/title>\n<meta name=\"robots\" content=\"index, follow, max-snippet:-1, max-image-preview:large, max-video-preview:-1\" \/>\n<link rel=\"canonical\" href=\"https:\/\/hotel-oasis.gr\/hotel-policy\/\" \/>\n<meta property=\"og:locale\" content=\"fr_FR\" \/>\n<meta property=\"og:type\" content=\"article\" \/>\n<meta property=\"og:title\" content=\"[:el]\u03a0\u03bf\u03bb\u03b9\u03c4\u03b9\u03ba\u03ae \u039e\u03b5\u03bd\u03bf\u03b4\u03bf\u03c7\u03b5\u03af\u03bf\u03c5[:en]Hotel Policy[:de]Hotelrichtlinien[:it]Politica dell&#039;hotel[:ru]\u041f\u043e\u0440\u044f\u0434\u043e\u043a \u043f\u0440\u043e\u0436\u0438\u0432\u0430\u043d\u0438\u044f \u0432 \u043e\u0442\u0435\u043b\u0435[:fr]Politique de l&#039;h\u00f4tel[:] - Oasis Hotel\" \/>\n<meta property=\"og:description\" content=\"[vc_row][vc_column][\/vc_column][\/vc_row][vc_row][vc_column width=&#8221;1\/2&#8243;][\/vc_column][vc_column width=&#8221;1\/2&#8243;][\/vc_column][\/vc_row]\" \/>\n<meta property=\"og:url\" content=\"https:\/\/hotel-oasis.gr\/hotel-policy\/\" \/>\n<meta property=\"og:site_name\" content=\"Oasis Hotel\" \/>\n<meta property=\"article:modified_time\" content=\"2018-11-25T22:44:56+00:00\" \/>\n<meta name=\"twitter:card\" content=\"summary_large_image\" \/>\n<meta name=\"twitter:label1\" content=\"Dur\u00e9e de lecture estim\u00e9e\" \/>\n\t<meta name=\"twitter:data1\" content=\"6 minutes\" \/>\n<script type=\"application\/ld+json\" class=\"yoast-schema-graph\">{\"@context\":\"https:\/\/schema.org\",\"@graph\":[{\"@type\":\"WebPage\",\"@id\":\"https:\/\/hotel-oasis.gr\/hotel-policy\/\",\"url\":\"https:\/\/hotel-oasis.gr\/hotel-policy\/\",\"name\":\"[:el]\u03a0\u03bf\u03bb\u03b9\u03c4\u03b9\u03ba\u03ae \u039e\u03b5\u03bd\u03bf\u03b4\u03bf\u03c7\u03b5\u03af\u03bf\u03c5[:en]Hotel Policy[:de]Hotelrichtlinien[:it]Politica dell'hotel[:ru]\u041f\u043e\u0440\u044f\u0434\u043e\u043a \u043f\u0440\u043e\u0436\u0438\u0432\u0430\u043d\u0438\u044f \u0432 \u043e\u0442\u0435\u043b\u0435[:fr]Politique de l'h\u00f4tel[:] - Oasis Hotel\",\"isPartOf\":{\"@id\":\"https:\/\/hotel-oasis.gr\/#website\"},\"datePublished\":\"2018-04-19T14:29:10+00:00\",\"dateModified\":\"2018-11-25T22:44:56+00:00\",\"breadcrumb\":{\"@id\":\"https:\/\/hotel-oasis.gr\/hotel-policy\/#breadcrumb\"},\"inLanguage\":\"fr-FR\",\"potentialAction\":[{\"@type\":\"ReadAction\",\"target\":[\"https:\/\/hotel-oasis.gr\/hotel-policy\/\"]}]},{\"@type\":\"BreadcrumbList\",\"@id\":\"https:\/\/hotel-oasis.gr\/hotel-policy\/#breadcrumb\",\"itemListElement\":[{\"@type\":\"ListItem\",\"position\":1,\"name\":\"\u0391\u03c1\u03c7\u03b9\u03ba\u03ae\",\"item\":\"https:\/\/hotel-oasis.gr\/\"},{\"@type\":\"ListItem\",\"position\":2,\"name\":\"\u03a0\u03bf\u03bb\u03b9\u03c4\u03b9\u03ba\u03ae \u039e\u03b5\u03bd\u03bf\u03b4\u03bf\u03c7\u03b5\u03af\u03bf\u03c5\"}]},{\"@type\":\"WebSite\",\"@id\":\"https:\/\/hotel-oasis.gr\/#website\",\"url\":\"https:\/\/hotel-oasis.gr\/\",\"name\":\"Oasis Hotel\",\"description\":\"Hotel Oasis\",\"potentialAction\":[{\"@type\":\"SearchAction\",\"target\":{\"@type\":\"EntryPoint\",\"urlTemplate\":\"https:\/\/hotel-oasis.gr\/?s={search_term_string}\"},\"query-input\":\"required name=search_term_string\"}],\"inLanguage\":\"fr-FR\"}]}<\/script>\n<!-- \/ Yoast SEO plugin. -->","yoast_head_json":{"title":"[:el]\u03a0\u03bf\u03bb\u03b9\u03c4\u03b9\u03ba\u03ae \u039e\u03b5\u03bd\u03bf\u03b4\u03bf\u03c7\u03b5\u03af\u03bf\u03c5[:en]Hotel Policy[:de]Hotelrichtlinien[:it]Politica dell'hotel[:ru]\u041f\u043e\u0440\u044f\u0434\u043e\u043a \u043f\u0440\u043e\u0436\u0438\u0432\u0430\u043d\u0438\u044f \u0432 \u043e\u0442\u0435\u043b\u0435[:fr]Politique de l'h\u00f4tel[:] - Oasis Hotel","robots":{"index":"index","follow":"follow","max-snippet":"max-snippet:-1","max-image-preview":"max-image-preview:large","max-video-preview":"max-video-preview:-1"},"canonical":"https:\/\/hotel-oasis.gr\/hotel-policy\/","og_locale":"fr_FR","og_type":"article","og_title":"[:el]\u03a0\u03bf\u03bb\u03b9\u03c4\u03b9\u03ba\u03ae \u039e\u03b5\u03bd\u03bf\u03b4\u03bf\u03c7\u03b5\u03af\u03bf\u03c5[:en]Hotel Policy[:de]Hotelrichtlinien[:it]Politica dell'hotel[:ru]\u041f\u043e\u0440\u044f\u0434\u043e\u043a \u043f\u0440\u043e\u0436\u0438\u0432\u0430\u043d\u0438\u044f \u0432 \u043e\u0442\u0435\u043b\u0435[:fr]Politique de l'h\u00f4tel[:] - Oasis Hotel","og_description":"[vc_row][vc_column][\/vc_column][\/vc_row][vc_row][vc_column width=&#8221;1\/2&#8243;][\/vc_column][vc_column width=&#8221;1\/2&#8243;][\/vc_column][\/vc_row]","og_url":"https:\/\/hotel-oasis.gr\/hotel-policy\/","og_site_name":"Oasis Hotel","article_modified_time":"2018-11-25T22:44:56+00:00","twitter_card":"summary_large_image","twitter_misc":{"Dur\u00e9e de lecture estim\u00e9e":"6 minutes"},"schema":{"@context":"https:\/\/schema.org","@graph":[{"@type":"WebPage","@id":"https:\/\/hotel-oasis.gr\/hotel-policy\/","url":"https:\/\/hotel-oasis.gr\/hotel-policy\/","name":"[:el]\u03a0\u03bf\u03bb\u03b9\u03c4\u03b9\u03ba\u03ae \u039e\u03b5\u03bd\u03bf\u03b4\u03bf\u03c7\u03b5\u03af\u03bf\u03c5[:en]Hotel Policy[:de]Hotelrichtlinien[:it]Politica dell'hotel[:ru]\u041f\u043e\u0440\u044f\u0434\u043e\u043a \u043f\u0440\u043e\u0436\u0438\u0432\u0430\u043d\u0438\u044f \u0432 \u043e\u0442\u0435\u043b\u0435[:fr]Politique de l'h\u00f4tel[:] - Oasis Hotel","isPartOf":{"@id":"https:\/\/hotel-oasis.gr\/#website"},"datePublished":"2018-04-19T14:29:10+00:00","dateModified":"2018-11-25T22:44:56+00:00","breadcrumb":{"@id":"https:\/\/hotel-oasis.gr\/hotel-policy\/#breadcrumb"},"inLanguage":"fr-FR","potentialAction":[{"@type":"ReadAction","target":["https:\/\/hotel-oasis.gr\/hotel-policy\/"]}]},{"@type":"BreadcrumbList","@id":"https:\/\/hotel-oasis.gr\/hotel-policy\/#breadcrumb","itemListElement":[{"@type":"ListItem","position":1,"name":"\u0391\u03c1\u03c7\u03b9\u03ba\u03ae","item":"https:\/\/hotel-oasis.gr\/"},{"@type":"ListItem","position":2,"name":"\u03a0\u03bf\u03bb\u03b9\u03c4\u03b9\u03ba\u03ae \u039e\u03b5\u03bd\u03bf\u03b4\u03bf\u03c7\u03b5\u03af\u03bf\u03c5"}]},{"@type":"WebSite","@id":"https:\/\/hotel-oasis.gr\/#website","url":"https:\/\/hotel-oasis.gr\/","name":"Oasis Hotel","description":"Hotel Oasis","potentialAction":[{"@type":"SearchAction","target":{"@type":"EntryPoint","urlTemplate":"https:\/\/hotel-oasis.gr\/?s={search_term_string}"},"query-input":"required name=search_term_string"}],"inLanguage":"fr-FR"}]}},"_links":{"self":[{"href":"https:\/\/hotel-oasis.gr\/fr\/wp-json\/wp\/v2\/pages\/366"}],"collection":[{"href":"https:\/\/hotel-oasis.gr\/fr\/wp-json\/wp\/v2\/pages"}],"about":[{"href":"https:\/\/hotel-oasis.gr\/fr\/wp-json\/wp\/v2\/types\/page"}],"author":[{"embeddable":true,"href":"https:\/\/hotel-oasis.gr\/fr\/wp-json\/wp\/v2\/users\/46"}],"replies":[{"embeddable":true,"href":"https:\/\/hotel-oasis.gr\/fr\/wp-json\/wp\/v2\/comments?post=366"}],"version-history":[{"count":20,"href":"https:\/\/hotel-oasis.gr\/fr\/wp-json\/wp\/v2\/pages\/366\/revisions"}],"predecessor-version":[{"id":2425,"href":"https:\/\/hotel-oasis.gr\/fr\/wp-json\/wp\/v2\/pages\/366\/revisions\/2425"}],"wp:attachment":[{"href":"https:\/\/hotel-oasis.gr\/fr\/wp-json\/wp\/v2\/media?parent=366"}],"curies":[{"name":"wp","href":"https:\/\/api.w.org\/{rel}","templated":true}]}}