{"id":12,"date":"2018-10-10T07:26:17","date_gmt":"2018-10-10T07:26:17","guid":{"rendered":"http:\/\/www.oasis.eclubtravel.com\/hotel-term-condition\/"},"modified":"2018-11-25T22:42:41","modified_gmt":"2018-11-25T22:42:41","slug":"privacy-policy","status":"publish","type":"page","link":"https:\/\/hotel-oasis.gr\/it\/privacy-policy\/","title":{"rendered":"Politica sulla riservatezza"},"content":{"rendered":"<p>[vc_row][vc_column]<div class=\"text-block \" ><div class=\"simple-text \"><blockquote><p>\n1. INFORMAZIONI GENERALI<br \/>\nL&#8217;utilizzo delle nostre pagine Web e dei servizi forniti al visitatore sul sito https:\/\/hotel-oasis.gr\/ richiede il tuo consenso con l&#8217;Informativa sulla privacy di questo sito. Pertanto, il visitatore deve leggere attentamente i contenuti di questa pagina prima di utilizzare i servizi del nostro sito web. Se non \u00e8 d&#8217;accordo, deve lasciare questo sito Web e non utilizzare mai nessuno dei suoi servizi o contenuti. Questa informativa sulla privacy pu\u00f2 variare di volta in volta in base alla legislazione pertinente. Non informeremo esplicitamente i nostri clienti o gli utenti del nostro sito di queste modifiche. Invece, ti consigliamo di visitare occasionalmente questa pagina per eventuali modifiche a questa informativa sulla privacy. L&#8217;uso continuato del sito web hotel-oasis.gr anche dopo eventuali modifiche all&#8217;Informativa sulla privacy implica l&#8217;accettazione incondizionata di questi termini da parte dell&#8217;utente.<\/p>\n<p>2. INFORMAZIONI PERSONALI RACCOLTE DA https:\/\/hotel-oasis.gr\/<br \/>\nQuesto sito raccoglie e utilizza le informazioni personali per i seguenti motivi:<\/p>\n<p>2.1 MONITORAGGIO DEL TRAFFICO SUL SITO<br \/>\nCome la maggior parte dei siti, questo sito utilizza Google Analytics (GA) per tracciare le attivit\u00e0 degli utenti. Utilizziamo questi dati per determinare il numero dei visitatori del nostro sito per capire meglio come trovano e utilizzano le nostre pagine web. Anche se GA registra dati come la tua posizione geografica, il tuo dispositivo, il tuo browser web e il tuo sistema operativo, nessuna di queste informazioni ti identifica. GA registra anche l&#8217;indirizzo IP del tuo computer, che potrebbe essere utilizzato per identificarti, ma Google non fornisce l&#8217;accesso ad esso. Riteniamo che Google sia un terzo elaboratore di dati conforme ai requisiti della legislazione europea.<\/p>\n<p>2.2 MODULI DI CONTATTO E LINK E-MAIL<br \/>\nSe si sceglie di contattarci utilizzando un modulo di contatto o un collegamento e-mail, nessuno dei dati forniti sar\u00e0 memorizzato sul nostro sito o trasferito o elaborato da un elaboratore di dati di terze parti come definito di seguito nella sezione \u00abI nostri processori di dati di terze parti \u00bb. Invece, questi dati ci verranno inviati tramite un protocollo SMTP (Simple Mail Transfer Protocol). I nostri server SMTP sono protetti da un protocollo di sicurezza TLS (noto anche come SSL), il che significa che il contenuto dell&#8217;email \u00e8 crittografato prima di essere inviato su Internet. Il contenuto dell&#8217;email \u00e8 decifrato dai nostri computer e dispositivi locali.<\/p>\n<p>3. INFORMAZIONI SUI COOKIE<br \/>\n3.1. CHE COS&#8217;\u00c8 UN COOKIE?<br \/>\nIl termine \u00abcookie\u00bb si riferisce a un piccolo file di dati costituito esclusivamente da una serie di informazioni testuali che il sito trasmette al browser web sul disco rigido del computer, sia temporaneamente durante la visita, sia a volte per periodi pi\u00f9 lunghi, a seconda del tipo di biscotto. I cookie eseguono diverse operazioni (ad esempio, ti distinguono dai visitatori di altri siti o ricordano determinate informazioni per te come le tue preferenze) e vengono utilizzati dalla maggior parte dei siti web per migliorare la tua esperienza utente. Ogni cookie \u00e8 unico per il tuo browser e contiene alcune informazioni anonime. Un cookie in genere contiene il nome del campo del cookie, la durata del cookie e un valore (solitamente sotto forma di un numero univoco generato casualmente).<\/p>\n<p>3.2. COOKIE SU QUESTO SITO E COME GESTIRE<br \/>\nSu questo sito, utilizziamo i cookie per migliorare la tua esperienza utente. Leggi le seguenti informazioni sui cookie di terze parti che utilizziamo su questo sito, incluso come disabilitarli e l&#8217;effetto della disattivazione sulle funzionalit\u00e0 del sito.<\/p>\n<p>3.3. GOOGLE ANALYTICS COOKIES<br \/>\nI cookie di Google Analytics sono cookie di analisi delle prestazioni \/ registrazione che ci consentono di raccogliere informazioni anonime su come i visitatori utilizzano il nostro sito. Questi cookie possono informarci su quanti visitatori utilizzano il sito, il tempo e la durata della visita e anche fornire informazioni su come i visitatori navigano attraverso il sito. Queste informazioni ci aiutano a migliorare il modo in cui funziona il nostro sito. Sono informazioni anonime e non contengono informazioni personali.<\/p>\n<p>Le informazioni raccolte dai cookie di Google Analytics sul nostro sito vengono trasferite e memorizzate sui server di Google in conformit\u00e0 con le norme sulla privacy di Google.<\/p>\n<p>Per ulteriori informazioni su Google Analytics, visita https:\/\/support.google.com\/analytics\/answer\/6004245<\/p>\n<p>Puoi disattivare il monitoraggio di Google Analytics visitando https: \/\/tools.go ogle.com\/dlpa ge \/ gaoptout? Hl = it = GB<\/p>\n<p>Se disabiliti questi cookie, la tua attivit\u00e0 non verr\u00e0 conteggiata o utilizzata nelle statistiche che raccogliamo per migliorare i servizi che forniamo attraverso questo sito. Le funzionalit\u00e0 del sito Web non saranno interessate.<\/p>\n<p>4. COME GESTISCI I TUOI DATI PERSONALI<br \/>\nSu https:\/\/hotel-oasis.gr\/ poniamo la massima priorit\u00e0 sulla protezione dei dati personali e rispettiamo il Regolamento europeo sulla protezione dei dati (GDPR).<\/p>\n<p>Abbiamo adottato le misure tecniche per garantire la protezione dei dati personali durante la trasmissione, la gestione e l&#8217;archiviazione, ma la natura di Internet \u00e8 tale che nulla pu\u00f2 garantire una protezione assoluta. Per questo motivo, \u00e8 anche possibile contattarci tramite mezzi alternativi (ad es. Per telefono).<\/p>\n<p>5. QUALI SONO I TUOI DIRITTI NEI TUOI DATI PERSONALI<br \/>\n\u00c8 possibile richiedere di ricevere un record di esportazione dei dati personali che conserviamo per voi, inclusi tutti i dati che ci avete fornito. Puoi anche chiedere di cancellare i dati personali che conserviamo per te. Questo non include i dati che siamo tenuti a conservare per ragioni amministrative, legali o di sicurezza.<\/p>\n<p>Per richiedere il tuo file di dati personali esportati o cancellare i tuoi dati personali, puoi contattare utilizzando il modulo di contatto che trovi nella pagina &#8220;Contatti&#8221;.<\/p>\n<p>6. INFORMAZIONI SUL SERVER WEB DI QUESTO SITO<br \/>\nTutto il traffico web (trasferimento di file) tra questo sito e il browser \u00e8 crittografato e trasferito tramite il protocollo HTTPS tramite Secure Sockets Layer (SSL).<\/p>\n<p>7. PROCESSORI DI DATI PERSONALI DI TERZE PARTI<br \/>\nGoogle (Informativa sulla privacy)<\/p>\n<p>8. VIOLAZIONE DEI DATI<br \/>\nPer qualsiasi delle tue informazioni personali memorizzate nel nostro database, tutte le azioni necessarie saranno prese per essere il pi\u00f9 sicuro possibile. Segnaleremo ogni violazione illecita del nostro database o di qualsiasi database di elaborazione dati di terze parti a tutte le parti interessate e alle autorit\u00e0 entro 72 ore dalla violazione, se \u00e8 ovvio che i dati personali memorizzati in forma riconoscibile sono stati rubati.<\/p>\n<p>9. MODIFICHE ALLA NOSTRA POLITICA SULLA PRIVACY<br \/>\nQuesta politica sulla privacy pu\u00f2 cambiare di volta in volta in base alla legislazione o agli sviluppi nel settore. Non informeremo esplicitamente i nostri clienti o i visitatori del nostro sito \/ utenti di tali modifiche. Invece, ti invitiamo a consultare occasionalmente questa pagina per eventuali modifiche alle norme.\n<\/p><\/blockquote>\n<\/div><\/div>[\/vc_column][\/vc_row]<\/p>","protected":false},"excerpt":{"rendered":"<p>[vc_row][vc_column][\/vc_column][\/vc_row]<\/p>\n","protected":false},"author":46,"featured_media":0,"parent":0,"menu_order":0,"comment_status":"closed","ping_status":"closed","template":"","meta":[],"yoast_head":"<!-- This site is optimized with the Yoast SEO plugin v20.2.1 - https:\/\/yoast.com\/wordpress\/plugins\/seo\/ -->\n<title>Politica sulla riservatezza - Oasis Hotel<\/title>\n<meta name=\"robots\" content=\"index, follow, max-snippet:-1, max-image-preview:large, max-video-preview:-1\" \/>\n<link rel=\"canonical\" href=\"https:\/\/hotel-oasis.gr\/it\/privacy-policy\/\" \/>\n<meta property=\"og:locale\" content=\"it_IT\" \/>\n<meta property=\"og:type\" content=\"article\" \/>\n<meta property=\"og:title\" content=\"[:el]\u03a0\u03bf\u03bb\u03b9\u03c4\u03b9\u03ba\u03ae \u0391\u03c0\u03bf\u03c1\u03c1\u03ae\u03c4\u03bf\u03c5[:en]Privacy Policy[:de]Datenschutz-Bestimmungen[:it]Politica sulla riservatezza[:ru]\u043f\u043e\u043b\u0438\u0442\u0438\u043a\u0430 \u043a\u043e\u043d\u0444\u0438\u0434\u0435\u043d\u0446\u0438\u0430\u043b\u044c\u043d\u043e\u0441\u0442\u0438[:fr]Politique de confidentialit\u00e9[:] - Oasis Hotel\" \/>\n<meta property=\"og:description\" content=\"[vc_row][vc_column][\/vc_column][\/vc_row]\" \/>\n<meta property=\"og:url\" content=\"https:\/\/hotel-oasis.gr\/it\/privacy-policy\/\" \/>\n<meta property=\"og:site_name\" content=\"Oasis Hotel\" \/>\n<meta property=\"article:modified_time\" content=\"2018-11-25T22:42:41+00:00\" \/>\n<meta name=\"twitter:card\" content=\"summary_large_image\" \/>\n<meta name=\"twitter:label1\" content=\"Tempo di lettura stimato\" \/>\n\t<meta name=\"twitter:data1\" content=\"23 minuti\" \/>\n<script type=\"application\/ld+json\" class=\"yoast-schema-graph\">{\"@context\":\"https:\/\/schema.org\",\"@graph\":[{\"@type\":\"WebPage\",\"@id\":\"https:\/\/hotel-oasis.gr\/it\/privacy-policy\/\",\"url\":\"https:\/\/hotel-oasis.gr\/it\/privacy-policy\/\",\"name\":\"[:el]\u03a0\u03bf\u03bb\u03b9\u03c4\u03b9\u03ba\u03ae \u0391\u03c0\u03bf\u03c1\u03c1\u03ae\u03c4\u03bf\u03c5[:en]Privacy Policy[:de]Datenschutz-Bestimmungen[:it]Politica sulla riservatezza[:ru]\u043f\u043e\u043b\u0438\u0442\u0438\u043a\u0430 \u043a\u043e\u043d\u0444\u0438\u0434\u0435\u043d\u0446\u0438\u0430\u043b\u044c\u043d\u043e\u0441\u0442\u0438[:fr]Politique de confidentialit\u00e9[:] - Oasis Hotel\",\"isPartOf\":{\"@id\":\"https:\/\/hotel-oasis.gr\/#website\"},\"datePublished\":\"2018-10-10T07:26:17+00:00\",\"dateModified\":\"2018-11-25T22:42:41+00:00\",\"breadcrumb\":{\"@id\":\"https:\/\/hotel-oasis.gr\/it\/privacy-policy\/#breadcrumb\"},\"inLanguage\":\"it-IT\",\"potentialAction\":[{\"@type\":\"ReadAction\",\"target\":[\"https:\/\/hotel-oasis.gr\/it\/privacy-policy\/\"]}]},{\"@type\":\"BreadcrumbList\",\"@id\":\"https:\/\/hotel-oasis.gr\/it\/privacy-policy\/#breadcrumb\",\"itemListElement\":[{\"@type\":\"ListItem\",\"position\":1,\"name\":\"\u0391\u03c1\u03c7\u03b9\u03ba\u03ae\",\"item\":\"https:\/\/hotel-oasis.gr\/\"},{\"@type\":\"ListItem\",\"position\":2,\"name\":\"Politica sulla riservatezza\"}]},{\"@type\":\"WebSite\",\"@id\":\"https:\/\/hotel-oasis.gr\/#website\",\"url\":\"https:\/\/hotel-oasis.gr\/\",\"name\":\"Oasis Hotel\",\"description\":\"Hotel Oasis\",\"potentialAction\":[{\"@type\":\"SearchAction\",\"target\":{\"@type\":\"EntryPoint\",\"urlTemplate\":\"https:\/\/hotel-oasis.gr\/?s={search_term_string}\"},\"query-input\":\"required name=search_term_string\"}],\"inLanguage\":\"it-IT\"}]}<\/script>\n<!-- \/ Yoast SEO plugin. -->","yoast_head_json":{"title":"[:el]\u03a0\u03bf\u03bb\u03b9\u03c4\u03b9\u03ba\u03ae \u0391\u03c0\u03bf\u03c1\u03c1\u03ae\u03c4\u03bf\u03c5[:en]Privacy Policy[:de]Datenschutz-Bestimmungen[:it]Politica sulla riservatezza[:ru]\u043f\u043e\u043b\u0438\u0442\u0438\u043a\u0430 \u043a\u043e\u043d\u0444\u0438\u0434\u0435\u043d\u0446\u0438\u0430\u043b\u044c\u043d\u043e\u0441\u0442\u0438[:fr]Politique de confidentialit\u00e9[:] - Oasis Hotel","robots":{"index":"index","follow":"follow","max-snippet":"max-snippet:-1","max-image-preview":"max-image-preview:large","max-video-preview":"max-video-preview:-1"},"canonical":"https:\/\/hotel-oasis.gr\/it\/privacy-policy\/","og_locale":"it_IT","og_type":"article","og_title":"[:el]\u03a0\u03bf\u03bb\u03b9\u03c4\u03b9\u03ba\u03ae \u0391\u03c0\u03bf\u03c1\u03c1\u03ae\u03c4\u03bf\u03c5[:en]Privacy Policy[:de]Datenschutz-Bestimmungen[:it]Politica sulla riservatezza[:ru]\u043f\u043e\u043b\u0438\u0442\u0438\u043a\u0430 \u043a\u043e\u043d\u0444\u0438\u0434\u0435\u043d\u0446\u0438\u0430\u043b\u044c\u043d\u043e\u0441\u0442\u0438[:fr]Politique de confidentialit\u00e9[:] - Oasis Hotel","og_description":"[vc_row][vc_column][\/vc_column][\/vc_row]","og_url":"https:\/\/hotel-oasis.gr\/it\/privacy-policy\/","og_site_name":"Oasis Hotel","article_modified_time":"2018-11-25T22:42:41+00:00","twitter_card":"summary_large_image","twitter_misc":{"Tempo di lettura stimato":"23 minuti"},"schema":{"@context":"https:\/\/schema.org","@graph":[{"@type":"WebPage","@id":"https:\/\/hotel-oasis.gr\/it\/privacy-policy\/","url":"https:\/\/hotel-oasis.gr\/it\/privacy-policy\/","name":"[:el]\u03a0\u03bf\u03bb\u03b9\u03c4\u03b9\u03ba\u03ae \u0391\u03c0\u03bf\u03c1\u03c1\u03ae\u03c4\u03bf\u03c5[:en]Privacy Policy[:de]Datenschutz-Bestimmungen[:it]Politica sulla riservatezza[:ru]\u043f\u043e\u043b\u0438\u0442\u0438\u043a\u0430 \u043a\u043e\u043d\u0444\u0438\u0434\u0435\u043d\u0446\u0438\u0430\u043b\u044c\u043d\u043e\u0441\u0442\u0438[:fr]Politique de confidentialit\u00e9[:] - Oasis Hotel","isPartOf":{"@id":"https:\/\/hotel-oasis.gr\/#website"},"datePublished":"2018-10-10T07:26:17+00:00","dateModified":"2018-11-25T22:42:41+00:00","breadcrumb":{"@id":"https:\/\/hotel-oasis.gr\/it\/privacy-policy\/#breadcrumb"},"inLanguage":"it-IT","potentialAction":[{"@type":"ReadAction","target":["https:\/\/hotel-oasis.gr\/it\/privacy-policy\/"]}]},{"@type":"BreadcrumbList","@id":"https:\/\/hotel-oasis.gr\/it\/privacy-policy\/#breadcrumb","itemListElement":[{"@type":"ListItem","position":1,"name":"\u0391\u03c1\u03c7\u03b9\u03ba\u03ae","item":"https:\/\/hotel-oasis.gr\/"},{"@type":"ListItem","position":2,"name":"Politica sulla riservatezza"}]},{"@type":"WebSite","@id":"https:\/\/hotel-oasis.gr\/#website","url":"https:\/\/hotel-oasis.gr\/","name":"Oasis Hotel","description":"Hotel Oasis","potentialAction":[{"@type":"SearchAction","target":{"@type":"EntryPoint","urlTemplate":"https:\/\/hotel-oasis.gr\/?s={search_term_string}"},"query-input":"required name=search_term_string"}],"inLanguage":"it-IT"}]}},"_links":{"self":[{"href":"https:\/\/hotel-oasis.gr\/it\/wp-json\/wp\/v2\/pages\/12"}],"collection":[{"href":"https:\/\/hotel-oasis.gr\/it\/wp-json\/wp\/v2\/pages"}],"about":[{"href":"https:\/\/hotel-oasis.gr\/it\/wp-json\/wp\/v2\/types\/page"}],"author":[{"embeddable":true,"href":"https:\/\/hotel-oasis.gr\/it\/wp-json\/wp\/v2\/users\/46"}],"replies":[{"embeddable":true,"href":"https:\/\/hotel-oasis.gr\/it\/wp-json\/wp\/v2\/comments?post=12"}],"version-history":[{"count":12,"href":"https:\/\/hotel-oasis.gr\/it\/wp-json\/wp\/v2\/pages\/12\/revisions"}],"predecessor-version":[{"id":2423,"href":"https:\/\/hotel-oasis.gr\/it\/wp-json\/wp\/v2\/pages\/12\/revisions\/2423"}],"wp:attachment":[{"href":"https:\/\/hotel-oasis.gr\/it\/wp-json\/wp\/v2\/media?parent=12"}],"curies":[{"name":"wp","href":"https:\/\/api.w.org\/{rel}","templated":true}]}}