{"id":366,"date":"2018-04-19T14:29:10","date_gmt":"2018-04-19T14:29:10","guid":{"rendered":"http:\/\/themebubble.com\/demo\/hotelluxe\/?page_id=366"},"modified":"2018-11-25T22:44:56","modified_gmt":"2018-11-25T22:44:56","slug":"hotel-policy","status":"publish","type":"page","link":"https:\/\/hotel-oasis.gr\/it\/hotel-policy\/","title":{"rendered":"Politica dell&#8217;hotel"},"content":{"rendered":"<p>[vc_row][vc_column]<div class=\"text-block \" ><div class=\"simple-text \"><h2 style=\"text-align: center;\">Politica dell&#8217;hotel<\/h2>\n<\/div><\/div><div  class=\"empty-space  marg-lg-b25\"><\/div>[\/vc_column][\/vc_row][vc_row][vc_column width=&#8221;1\/2&#8243;]<div class=\"text-block \" ><div class=\"simple-text \"><p><strong>Arrivo<\/strong>: 13:00 (13:00)<\/p>\n<p><strong>Check-out:<\/strong> 07.00 (12.00)<\/p>\n<p><strong>Check-out tardivo<\/strong>: gli ospiti che soggiornano nella camera fino alle 18:00 (06:00) pagano un supplemento del 50% per la tariffa della camera. Dopo le 18:00 (06:00) viene pagata la tariffa della camera completa.<\/p>\n<p><strong>Politica per i bambini<\/strong><br \/>\nI bambini da 0 a 5 anni che soggiornano nella stessa camera con 2 adulti sono gratuiti.<br \/>\nMezza pensione (Regno Unito) = bambini fino a 6 anni gratis. Bambini 7-12 anni sconto del 50% sul prezzo della persona HB.<\/p>\n<\/div><\/div>[\/vc_column][vc_column width=&#8221;1\/2&#8243;]<div class=\"text-block \" ><div class=\"simple-text \"><p><strong>Regolamento di prenotazione<\/strong><br \/>\nDopo un accordo scritto con l&#8217;hotel, \u00e8 possibile spostare la data di arrivo e di partenza.<\/p>\n<p><strong>Politica di modifica<\/strong><br \/>\nFino a 48 ore prima del tuo arrivo e finch\u00e9 ci sono stanze disponibili non hai costi aggiuntivi. Per modifiche inferiori a 48 ore dall&#8217;arrivo originale, si intende un addebito di un giorno.<\/p>\n<p><strong>Politica di cancellazione<\/strong><br \/>\nNon \u00e8 prevista alcuna penale se la cancellazione viene effettuata almeno 21 giorni prima della data di arrivo. Alla scadenza del periodo di 21 giorni, la tassa \u00e8 pari al 50% del costo della prenotazione, e se la cancellazione \u00e8 14 giorni prima della data di arrivo, la penale \u00e8 del 70%. Le cancellazioni effettuate meno di 7 giorni prima dell&#8217;arrivo pagano il 100% del costo della prenotazione. Per mancata presentazione, verr\u00e0 addebitato anche il 100% della quota di prenotazione.<\/p>\n<\/div><\/div>[\/vc_column][\/vc_row]<\/p>","protected":false},"excerpt":{"rendered":"<p>[vc_row][vc_column][\/vc_column][\/vc_row][vc_row][vc_column width=&#8221;1\/2&#8243;][\/vc_column][vc_column width=&#8221;1\/2&#8243;][\/vc_column][\/vc_row]<\/p>\n","protected":false},"author":46,"featured_media":0,"parent":0,"menu_order":0,"comment_status":"closed","ping_status":"closed","template":"","meta":[],"yoast_head":"<!-- This site is optimized with the Yoast SEO plugin v20.2.1 - https:\/\/yoast.com\/wordpress\/plugins\/seo\/ -->\n<title>Politica dell&#039;hotel - Oasis Hotel<\/title>\n<meta name=\"robots\" content=\"index, follow, max-snippet:-1, max-image-preview:large, max-video-preview:-1\" \/>\n<link rel=\"canonical\" href=\"https:\/\/hotel-oasis.gr\/hotel-policy\/\" \/>\n<meta property=\"og:locale\" content=\"it_IT\" \/>\n<meta property=\"og:type\" content=\"article\" \/>\n<meta property=\"og:title\" content=\"[:el]\u03a0\u03bf\u03bb\u03b9\u03c4\u03b9\u03ba\u03ae \u039e\u03b5\u03bd\u03bf\u03b4\u03bf\u03c7\u03b5\u03af\u03bf\u03c5[:en]Hotel Policy[:de]Hotelrichtlinien[:it]Politica dell&#039;hotel[:ru]\u041f\u043e\u0440\u044f\u0434\u043e\u043a \u043f\u0440\u043e\u0436\u0438\u0432\u0430\u043d\u0438\u044f \u0432 \u043e\u0442\u0435\u043b\u0435[:fr]Politique de l&#039;h\u00f4tel[:] - Oasis Hotel\" \/>\n<meta property=\"og:description\" content=\"[vc_row][vc_column][\/vc_column][\/vc_row][vc_row][vc_column width=&#8221;1\/2&#8243;][\/vc_column][vc_column width=&#8221;1\/2&#8243;][\/vc_column][\/vc_row]\" \/>\n<meta property=\"og:url\" content=\"https:\/\/hotel-oasis.gr\/hotel-policy\/\" \/>\n<meta property=\"og:site_name\" content=\"Oasis Hotel\" \/>\n<meta property=\"article:modified_time\" content=\"2018-11-25T22:44:56+00:00\" \/>\n<meta name=\"twitter:card\" content=\"summary_large_image\" \/>\n<meta name=\"twitter:label1\" content=\"Tempo di lettura stimato\" \/>\n\t<meta name=\"twitter:data1\" content=\"6 minuti\" \/>\n<script type=\"application\/ld+json\" class=\"yoast-schema-graph\">{\"@context\":\"https:\/\/schema.org\",\"@graph\":[{\"@type\":\"WebPage\",\"@id\":\"https:\/\/hotel-oasis.gr\/hotel-policy\/\",\"url\":\"https:\/\/hotel-oasis.gr\/hotel-policy\/\",\"name\":\"[:el]\u03a0\u03bf\u03bb\u03b9\u03c4\u03b9\u03ba\u03ae \u039e\u03b5\u03bd\u03bf\u03b4\u03bf\u03c7\u03b5\u03af\u03bf\u03c5[:en]Hotel Policy[:de]Hotelrichtlinien[:it]Politica dell'hotel[:ru]\u041f\u043e\u0440\u044f\u0434\u043e\u043a \u043f\u0440\u043e\u0436\u0438\u0432\u0430\u043d\u0438\u044f \u0432 \u043e\u0442\u0435\u043b\u0435[:fr]Politique de l'h\u00f4tel[:] - Oasis Hotel\",\"isPartOf\":{\"@id\":\"https:\/\/hotel-oasis.gr\/#website\"},\"datePublished\":\"2018-04-19T14:29:10+00:00\",\"dateModified\":\"2018-11-25T22:44:56+00:00\",\"breadcrumb\":{\"@id\":\"https:\/\/hotel-oasis.gr\/hotel-policy\/#breadcrumb\"},\"inLanguage\":\"it-IT\",\"potentialAction\":[{\"@type\":\"ReadAction\",\"target\":[\"https:\/\/hotel-oasis.gr\/hotel-policy\/\"]}]},{\"@type\":\"BreadcrumbList\",\"@id\":\"https:\/\/hotel-oasis.gr\/hotel-policy\/#breadcrumb\",\"itemListElement\":[{\"@type\":\"ListItem\",\"position\":1,\"name\":\"\u0391\u03c1\u03c7\u03b9\u03ba\u03ae\",\"item\":\"https:\/\/hotel-oasis.gr\/\"},{\"@type\":\"ListItem\",\"position\":2,\"name\":\"\u03a0\u03bf\u03bb\u03b9\u03c4\u03b9\u03ba\u03ae \u039e\u03b5\u03bd\u03bf\u03b4\u03bf\u03c7\u03b5\u03af\u03bf\u03c5\"}]},{\"@type\":\"WebSite\",\"@id\":\"https:\/\/hotel-oasis.gr\/#website\",\"url\":\"https:\/\/hotel-oasis.gr\/\",\"name\":\"Oasis Hotel\",\"description\":\"Hotel Oasis\",\"potentialAction\":[{\"@type\":\"SearchAction\",\"target\":{\"@type\":\"EntryPoint\",\"urlTemplate\":\"https:\/\/hotel-oasis.gr\/?s={search_term_string}\"},\"query-input\":\"required name=search_term_string\"}],\"inLanguage\":\"it-IT\"}]}<\/script>\n<!-- \/ Yoast SEO plugin. -->","yoast_head_json":{"title":"[:el]\u03a0\u03bf\u03bb\u03b9\u03c4\u03b9\u03ba\u03ae \u039e\u03b5\u03bd\u03bf\u03b4\u03bf\u03c7\u03b5\u03af\u03bf\u03c5[:en]Hotel Policy[:de]Hotelrichtlinien[:it]Politica dell'hotel[:ru]\u041f\u043e\u0440\u044f\u0434\u043e\u043a \u043f\u0440\u043e\u0436\u0438\u0432\u0430\u043d\u0438\u044f \u0432 \u043e\u0442\u0435\u043b\u0435[:fr]Politique de l'h\u00f4tel[:] - Oasis Hotel","robots":{"index":"index","follow":"follow","max-snippet":"max-snippet:-1","max-image-preview":"max-image-preview:large","max-video-preview":"max-video-preview:-1"},"canonical":"https:\/\/hotel-oasis.gr\/hotel-policy\/","og_locale":"it_IT","og_type":"article","og_title":"[:el]\u03a0\u03bf\u03bb\u03b9\u03c4\u03b9\u03ba\u03ae \u039e\u03b5\u03bd\u03bf\u03b4\u03bf\u03c7\u03b5\u03af\u03bf\u03c5[:en]Hotel Policy[:de]Hotelrichtlinien[:it]Politica dell'hotel[:ru]\u041f\u043e\u0440\u044f\u0434\u043e\u043a \u043f\u0440\u043e\u0436\u0438\u0432\u0430\u043d\u0438\u044f \u0432 \u043e\u0442\u0435\u043b\u0435[:fr]Politique de l'h\u00f4tel[:] - Oasis Hotel","og_description":"[vc_row][vc_column][\/vc_column][\/vc_row][vc_row][vc_column width=&#8221;1\/2&#8243;][\/vc_column][vc_column width=&#8221;1\/2&#8243;][\/vc_column][\/vc_row]","og_url":"https:\/\/hotel-oasis.gr\/hotel-policy\/","og_site_name":"Oasis Hotel","article_modified_time":"2018-11-25T22:44:56+00:00","twitter_card":"summary_large_image","twitter_misc":{"Tempo di lettura stimato":"6 minuti"},"schema":{"@context":"https:\/\/schema.org","@graph":[{"@type":"WebPage","@id":"https:\/\/hotel-oasis.gr\/hotel-policy\/","url":"https:\/\/hotel-oasis.gr\/hotel-policy\/","name":"[:el]\u03a0\u03bf\u03bb\u03b9\u03c4\u03b9\u03ba\u03ae \u039e\u03b5\u03bd\u03bf\u03b4\u03bf\u03c7\u03b5\u03af\u03bf\u03c5[:en]Hotel Policy[:de]Hotelrichtlinien[:it]Politica dell'hotel[:ru]\u041f\u043e\u0440\u044f\u0434\u043e\u043a \u043f\u0440\u043e\u0436\u0438\u0432\u0430\u043d\u0438\u044f \u0432 \u043e\u0442\u0435\u043b\u0435[:fr]Politique de l'h\u00f4tel[:] - Oasis Hotel","isPartOf":{"@id":"https:\/\/hotel-oasis.gr\/#website"},"datePublished":"2018-04-19T14:29:10+00:00","dateModified":"2018-11-25T22:44:56+00:00","breadcrumb":{"@id":"https:\/\/hotel-oasis.gr\/hotel-policy\/#breadcrumb"},"inLanguage":"it-IT","potentialAction":[{"@type":"ReadAction","target":["https:\/\/hotel-oasis.gr\/hotel-policy\/"]}]},{"@type":"BreadcrumbList","@id":"https:\/\/hotel-oasis.gr\/hotel-policy\/#breadcrumb","itemListElement":[{"@type":"ListItem","position":1,"name":"\u0391\u03c1\u03c7\u03b9\u03ba\u03ae","item":"https:\/\/hotel-oasis.gr\/"},{"@type":"ListItem","position":2,"name":"\u03a0\u03bf\u03bb\u03b9\u03c4\u03b9\u03ba\u03ae \u039e\u03b5\u03bd\u03bf\u03b4\u03bf\u03c7\u03b5\u03af\u03bf\u03c5"}]},{"@type":"WebSite","@id":"https:\/\/hotel-oasis.gr\/#website","url":"https:\/\/hotel-oasis.gr\/","name":"Oasis Hotel","description":"Hotel Oasis","potentialAction":[{"@type":"SearchAction","target":{"@type":"EntryPoint","urlTemplate":"https:\/\/hotel-oasis.gr\/?s={search_term_string}"},"query-input":"required name=search_term_string"}],"inLanguage":"it-IT"}]}},"_links":{"self":[{"href":"https:\/\/hotel-oasis.gr\/it\/wp-json\/wp\/v2\/pages\/366"}],"collection":[{"href":"https:\/\/hotel-oasis.gr\/it\/wp-json\/wp\/v2\/pages"}],"about":[{"href":"https:\/\/hotel-oasis.gr\/it\/wp-json\/wp\/v2\/types\/page"}],"author":[{"embeddable":true,"href":"https:\/\/hotel-oasis.gr\/it\/wp-json\/wp\/v2\/users\/46"}],"replies":[{"embeddable":true,"href":"https:\/\/hotel-oasis.gr\/it\/wp-json\/wp\/v2\/comments?post=366"}],"version-history":[{"count":20,"href":"https:\/\/hotel-oasis.gr\/it\/wp-json\/wp\/v2\/pages\/366\/revisions"}],"predecessor-version":[{"id":2425,"href":"https:\/\/hotel-oasis.gr\/it\/wp-json\/wp\/v2\/pages\/366\/revisions\/2425"}],"wp:attachment":[{"href":"https:\/\/hotel-oasis.gr\/it\/wp-json\/wp\/v2\/media?parent=366"}],"curies":[{"name":"wp","href":"https:\/\/api.w.org\/{rel}","templated":true}]}}